{"id":1024,"date":"2020-11-20T13:29:03","date_gmt":"2020-11-20T11:29:03","guid":{"rendered":"http:\/\/dev.kantareguitars.com\/?page_id=1024"},"modified":"2020-11-27T15:23:28","modified_gmt":"2020-11-27T13:23:28","slug":"vivace-c-2","status":"publish","type":"page","link":"https:\/\/www.kantareguitars.com\/index.php\/de\/vivace-c-2\/","title":{"rendered":"Vivace C"},"content":{"rendered":"\t\t<div data-elementor-type=\"wp-page\" data-elementor-id=\"1024\" class=\"elementor elementor-1024\">\n\t\t\t\t\t\t<section class=\"elementor-section elementor-top-section elementor-element elementor-element-5da8d69 elementor-section-boxed elementor-section-height-default elementor-section-height-default\" data-id=\"5da8d69\" data-element_type=\"section\">\n\t\t\t\t\t\t<div class=\"elementor-container elementor-column-gap-default\">\n\t\t\t\t\t<div class=\"elementor-column elementor-col-100 elementor-top-column elementor-element elementor-element-0dfb4f6\" data-id=\"0dfb4f6\" data-element_type=\"column\">\n\t\t\t<div class=\"elementor-widget-wrap elementor-element-populated\">\n\t\t\t\t\t\t<section class=\"elementor-section elementor-inner-section elementor-element elementor-element-3fe2d8d elementor-section-boxed elementor-section-height-default elementor-section-height-default\" data-id=\"3fe2d8d\" data-element_type=\"section\">\n\t\t\t\t\t\t<div class=\"elementor-container elementor-column-gap-default\">\n\t\t\t\t\t<div class=\"elementor-column elementor-col-50 elementor-inner-column elementor-element elementor-element-dbc769d\" data-id=\"dbc769d\" data-element_type=\"column\">\n\t\t\t<div class=\"elementor-widget-wrap elementor-element-populated\">\n\t\t\t\t\t\t<div class=\"elementor-element elementor-element-c14cea4 elementor-widget elementor-widget-bdt-image-magnifier\" data-id=\"c14cea4\" data-element_type=\"widget\" data-widget_type=\"bdt-image-magnifier.default\">\n\t\t\t\t<div class=\"elementor-widget-container\">\n\t\t\t            <div data-settings=\"{&quot;type&quot;:&quot;standard&quot;,&quot;bigImageSrc&quot;:&quot;https:\\\/\\\/www.kantareguitars.com\\\/wp-content\\\/uploads\\\/2020\\\/11\\\/Kantare-Vivace-C-front_koe-scaled.jpg&quot;,&quot;smoothMove&quot;:true,&quot;preload&quot;:true,&quot;position&quot;:&quot;left&quot;,&quot;zoomSize&quot;:[400,450],&quot;offset&quot;:[10,0]}\" class=\"bdt-image-magnifier bdt-position-relative\">\n                <img decoding=\"async\" class=\"bdt-image-magnifier-image\" src=\"https:\/\/www.kantareguitars.com\/wp-content\/uploads\/2020\/03\/Kantare_Vivace_C_atw.png\" alt=\"\">\n            <\/div>\n            \t\t<\/div>\n\t\t\t\t<\/div>\n\t\t\t\t\t<\/div>\n\t\t<\/div>\n\t\t\t\t<div class=\"elementor-column elementor-col-50 elementor-inner-column elementor-element elementor-element-5673a69\" data-id=\"5673a69\" data-element_type=\"column\">\n\t\t\t<div class=\"elementor-widget-wrap elementor-element-populated\">\n\t\t\t\t\t\t<div class=\"elementor-element elementor-element-fe1d24d elementor-widget elementor-widget-bdt-image-magnifier\" data-id=\"fe1d24d\" data-element_type=\"widget\" data-widget_type=\"bdt-image-magnifier.default\">\n\t\t\t\t<div class=\"elementor-widget-container\">\n\t\t\t            <div data-settings=\"{&quot;type&quot;:&quot;standard&quot;,&quot;bigImageSrc&quot;:&quot;https:\\\/\\\/www.kantareguitars.com\\\/wp-content\\\/uploads\\\/2020\\\/11\\\/Kantare-Vivace-C-back-scaled.jpg&quot;,&quot;smoothMove&quot;:true,&quot;preload&quot;:true,&quot;position&quot;:&quot;left&quot;,&quot;zoomSize&quot;:[400,450],&quot;offset&quot;:[10,0]}\" class=\"bdt-image-magnifier bdt-position-relative\">\n                <img decoding=\"async\" class=\"bdt-image-magnifier-image\" src=\"https:\/\/www.kantareguitars.com\/wp-content\/uploads\/2020\/03\/Kantare-Vivace-C-back-m.png\" alt=\"\">\n            <\/div>\n            \t\t<\/div>\n\t\t\t\t<\/div>\n\t\t\t\t\t<\/div>\n\t\t<\/div>\n\t\t\t\t\t<\/div>\n\t\t<\/section>\n\t\t\t\t\t<\/div>\n\t\t<\/div>\n\t\t\t\t\t<\/div>\n\t\t<\/section>\n\t\t\t\t<section class=\"elementor-section elementor-top-section elementor-element elementor-element-31b7d73 elementor-section-boxed elementor-section-height-default elementor-section-height-default\" data-id=\"31b7d73\" data-element_type=\"section\">\n\t\t\t\t\t\t<div class=\"elementor-container elementor-column-gap-default\">\n\t\t\t\t\t<div class=\"elementor-column elementor-col-100 elementor-top-column elementor-element elementor-element-44749a4\" data-id=\"44749a4\" data-element_type=\"column\">\n\t\t\t<div class=\"elementor-widget-wrap elementor-element-populated\">\n\t\t\t\t\t\t<div class=\"elementor-element elementor-element-3749dc8 elementor-widget elementor-widget-text-editor\" data-id=\"3749dc8\" data-element_type=\"widget\" data-widget_type=\"text-editor.default\">\n\t\t\t\t<div class=\"elementor-widget-container\">\n\t\t\t\t\t\t\t<p>Massivholzdecke aus Zeder mit patentiertem\u00a0<strong>LRS\u00ae Resonanzboden,<\/strong>\u00a0erreicht einen sehr ausgeglichenen, ansprechenden und lang anhaltenden Klang.<\/p><p>Play Naturally &#8211; Satinoberfl\u00e4che, Schellack\/Karnaubawachs- Beschichtung mit offenen Poren \u2013 ein nat\u00fcrliches Produkt, ungiftig und \u00f6kologisch. Die leichte Beschichtung erm\u00f6glicht einen offenen und klaren Klang.<\/p><ul><li>Zargen und Boden aus laminiertem Mahagoni<\/li><li>Hals aus Mahagoni gef\u00e4rbten Ahorn<\/li><li>Griffbrett und Steg aus Palisanderholz<\/li><li>eleganter\u00a0schwarz-\/goldfarbiger Stimm-Mechanismus<\/li><li>matt, Schellack\/Karnaubawachs\u00a0mit offenen Poren<\/li><\/ul><p>Bequeme Armlehne aus Holz:<\/p><ul><li>Offener, freier Klang \u2013 Die Schwingungen des Resonanzbodens<em>\u00a0<\/em>werden vom Arm nicht blockiert<\/li><li>angenehm\u00a0f\u00fcr den Arm durch die abgerundete Kante<\/li><li>gegen\u00a0Schmutz und Abnutzung des Resonanzbodens<\/li><li>elegant\u00a0und stilvoll<\/li><\/ul>\t\t\t\t\t\t<\/div>\n\t\t\t\t<\/div>\n\t\t\t\t\t<\/div>\n\t\t<\/div>\n\t\t\t\t\t<\/div>\n\t\t<\/section>\n\t\t\t\t<section class=\"elementor-section elementor-top-section elementor-element elementor-element-f612b38 elementor-section-boxed elementor-section-height-default elementor-section-height-default\" data-id=\"f612b38\" data-element_type=\"section\">\n\t\t\t\t\t\t<div class=\"elementor-container elementor-column-gap-default\">\n\t\t\t\t\t<div class=\"elementor-column elementor-col-100 elementor-top-column elementor-element elementor-element-46ebc96\" data-id=\"46ebc96\" data-element_type=\"column\">\n\t\t\t<div class=\"elementor-widget-wrap elementor-element-populated\">\n\t\t\t\t\t\t<div class=\"elementor-element elementor-element-156dcd4 elementor-widget elementor-widget-image\" data-id=\"156dcd4\" data-element_type=\"widget\" data-widget_type=\"image.default\">\n\t\t\t\t<div class=\"elementor-widget-container\">\n\t\t\t\t\t\t\t\t\t\t\t\t\t<img fetchpriority=\"high\" decoding=\"async\" width=\"293\" height=\"221\" src=\"https:\/\/www.kantareguitars.com\/wp-content\/uploads\/2020\/11\/eco_iso5.jpg\" class=\"attachment-large size-large wp-image-485\" alt=\"\" sizes=\"100vw\" \/>\t\t\t\t\t\t\t\t\t\t\t\t\t<\/div>\n\t\t\t\t<\/div>\n\t\t\t\t\t<\/div>\n\t\t<\/div>\n\t\t\t\t\t<\/div>\n\t\t<\/section>\n\t\t\t\t<section class=\"elementor-section elementor-top-section elementor-element elementor-element-b2c2b87 elementor-section-boxed elementor-section-height-default elementor-section-height-default\" data-id=\"b2c2b87\" data-element_type=\"section\">\n\t\t\t\t\t\t<div class=\"elementor-container elementor-column-gap-default\">\n\t\t\t\t\t<div class=\"elementor-column elementor-col-100 elementor-top-column elementor-element elementor-element-e08d1f9\" data-id=\"e08d1f9\" data-element_type=\"column\">\n\t\t\t<div class=\"elementor-widget-wrap elementor-element-populated\">\n\t\t\t\t\t\t<div class=\"elementor-element elementor-element-f6937c4 elementor-widget elementor-widget-text-editor\" data-id=\"f6937c4\" data-element_type=\"widget\" data-widget_type=\"text-editor.default\">\n\t\t\t\t<div class=\"elementor-widget-container\">\n\t\t\t\t\t\t\t<p><strong>Fotogallerie<\/strong><\/p>\t\t\t\t\t\t<\/div>\n\t\t\t\t<\/div>\n\t\t\t\t\t<\/div>\n\t\t<\/div>\n\t\t\t\t\t<\/div>\n\t\t<\/section>\n\t\t\t\t<section class=\"elementor-section elementor-top-section elementor-element elementor-element-983aa73 elementor-section-boxed elementor-section-height-default elementor-section-height-default\" data-id=\"983aa73\" data-element_type=\"section\">\n\t\t\t\t\t\t<div class=\"elementor-container elementor-column-gap-default\">\n\t\t\t\t\t<div class=\"elementor-column elementor-col-100 elementor-top-column elementor-element elementor-element-86cf028\" data-id=\"86cf028\" data-element_type=\"column\">\n\t\t\t<div class=\"elementor-widget-wrap elementor-element-populated\">\n\t\t\t\t\t\t<div class=\"elementor-element elementor-element-a5d7757 elementor-widget elementor-widget-justified-gallery\" data-id=\"a5d7757\" data-element_type=\"widget\" data-widget_type=\"justified-gallery.default\">\n\t\t\t\t<div class=\"elementor-widget-container\">\n\t\t\t\t\t\t<div id=\"jg-a5d7757\" class=\"hide-gallery elementor-justified-gallery\" data-row-height=\"120\" data-margins=\"1\" data-last-row=\"nojustify\" data-randomize=\"false\" data-selector=\"a\">\n\t\t\t\t\t\t\t\t\t\n\t\t\t\t\t\t\t\t\t\t\t<a href=\"https:\/\/www.kantareguitars.com\/wp-content\/uploads\/2020\/11\/kantare_vivace_c_wood-scaled.jpg\" class=\"elementor-clickable\" data-elementor-open-lightbox=\"default\" data-elementor-lightbox-slideshow=\"a5d7757\">\n\t\t\t\t\t\n\t\t\t\t\t<img decoding=\"async\" src=\"https:\/\/www.kantareguitars.com\/wp-content\/uploads\/2020\/11\/kantare_vivace_c_wood-150x150.jpg\" alt=\"\">\n\n\t\t\t\t\t\t\t\t\t\t\t<\/a>\n\t\t\t\t\t\t\t\t\t\t\t\t\t\t\n\t\t\t\t\t\t\t\t\t\t\t<a href=\"https:\/\/www.kantareguitars.com\/wp-content\/uploads\/2020\/03\/Kantare_Vivace_C_atw.png\" class=\"elementor-clickable\" data-elementor-open-lightbox=\"default\" data-elementor-lightbox-slideshow=\"a5d7757\">\n\t\t\t\t\t\n\t\t\t\t\t<img decoding=\"async\" src=\"https:\/\/www.kantareguitars.com\/wp-content\/uploads\/2020\/03\/Kantare_Vivace_C_atw-150x150.png\" alt=\"\">\n\n\t\t\t\t\t\t\t\t\t\t\t<\/a>\n\t\t\t\t\t\t\t\t\t\t\t\t\t\t\n\t\t\t\t\t\t\t\t\t\t\t<a href=\"https:\/\/www.kantareguitars.com\/wp-content\/uploads\/2020\/11\/Kantare-Vivace-S-back-1.png\" class=\"elementor-clickable\" data-elementor-open-lightbox=\"default\" data-elementor-lightbox-slideshow=\"a5d7757\">\n\t\t\t\t\t\n\t\t\t\t\t<img decoding=\"async\" src=\"https:\/\/www.kantareguitars.com\/wp-content\/uploads\/2020\/11\/Kantare-Vivace-S-back-1-150x150.png\" alt=\"\">\n\n\t\t\t\t\t\t\t\t\t\t\t<\/a>\n\t\t\t\t\t\t\t\t\t\t\t\t\t\t\n\t\t\t\t\t\t\t\t\t\t\t<a href=\"https:\/\/www.kantareguitars.com\/wp-content\/uploads\/2020\/11\/vivace_c_2020_1-scaled.jpg\" class=\"elementor-clickable\" data-elementor-open-lightbox=\"default\" data-elementor-lightbox-slideshow=\"a5d7757\">\n\t\t\t\t\t\n\t\t\t\t\t<img decoding=\"async\" src=\"https:\/\/www.kantareguitars.com\/wp-content\/uploads\/2020\/11\/vivace_c_2020_1-150x150.jpg\" alt=\"\">\n\n\t\t\t\t\t\t\t\t\t\t\t<\/a>\n\t\t\t\t\t\t\t\t\t\t\t\t\t\t\n\t\t\t\t\t\t\t\t\t\t\t<a href=\"https:\/\/www.kantareguitars.com\/wp-content\/uploads\/2020\/11\/vivace_c_2020_3-scaled.jpg\" class=\"elementor-clickable\" data-elementor-open-lightbox=\"default\" data-elementor-lightbox-slideshow=\"a5d7757\">\n\t\t\t\t\t\n\t\t\t\t\t<img decoding=\"async\" src=\"https:\/\/www.kantareguitars.com\/wp-content\/uploads\/2020\/11\/vivace_c_2020_3-150x150.jpg\" alt=\"\">\n\n\t\t\t\t\t\t\t\t\t\t\t<\/a>\n\t\t\t\t\t\t\t\t\t\t\t\t\t\t\n\t\t\t\t\t\t\t\t\t\t\t<a href=\"https:\/\/www.kantareguitars.com\/wp-content\/uploads\/2020\/11\/vivace_c_2020-scaled.jpg\" class=\"elementor-clickable\" data-elementor-open-lightbox=\"default\" data-elementor-lightbox-slideshow=\"a5d7757\">\n\t\t\t\t\t\n\t\t\t\t\t<img decoding=\"async\" src=\"https:\/\/www.kantareguitars.com\/wp-content\/uploads\/2020\/11\/vivace_c_2020-150x150.jpg\" alt=\"\">\n\n\t\t\t\t\t\t\t\t\t\t\t<\/a>\n\t\t\t\t\t\t\t\t\t\t\t\t\t\t\n\t\t\t\t\t\t\t\t\t\t\t<a href=\"https:\/\/www.kantareguitars.com\/wp-content\/uploads\/2020\/11\/vivace_c_2020_4-scaled.jpg\" class=\"elementor-clickable\" data-elementor-open-lightbox=\"default\" data-elementor-lightbox-slideshow=\"a5d7757\">\n\t\t\t\t\t\n\t\t\t\t\t<img decoding=\"async\" src=\"https:\/\/www.kantareguitars.com\/wp-content\/uploads\/2020\/11\/vivace_c_2020_4-150x150.jpg\" alt=\"\">\n\n\t\t\t\t\t\t\t\t\t\t\t<\/a>\n\t\t\t\t\t\t\t\t\t\t\t\t\t\t\n\t\t\t\t\t\t\t\t\t\t\t<a href=\"https:\/\/www.kantareguitars.com\/wp-content\/uploads\/2020\/11\/vivace_c_2020_5-scaled.jpg\" class=\"elementor-clickable\" data-elementor-open-lightbox=\"default\" data-elementor-lightbox-slideshow=\"a5d7757\">\n\t\t\t\t\t\n\t\t\t\t\t<img decoding=\"async\" src=\"https:\/\/www.kantareguitars.com\/wp-content\/uploads\/2020\/11\/vivace_c_2020_5-150x150.jpg\" alt=\"\">\n\n\t\t\t\t\t\t\t\t\t\t\t<\/a>\n\t\t\t\t\t\t\t\t\t\t\t\t<\/div>\n\t\t\t<script>\n\t\t\t\tjQuery(document).ready(function(){\n\t\t\t\t\tjQuery(document).trigger('elementor\/render\/justified-gallery','#jg-a5d7757');\n\t\t\t\t});\n\t\t\t<\/script>\n\t\t\t\t\t<\/div>\n\t\t\t\t<\/div>\n\t\t\t\t\t<\/div>\n\t\t<\/div>\n\t\t\t\t\t<\/div>\n\t\t<\/section>\n\t\t\t\t<\/div>\n\t\t","protected":false},"excerpt":{"rendered":"<p>Massivholzdecke aus Zeder mit patentiertem\u00a0LRS\u00ae Resonanzboden,\u00a0erreicht einen sehr ausgeglichenen, ansprechenden und lang anhaltenden Klang. Play Naturally &#8211; Satinoberfl\u00e4che, Schellack\/Karnaubawachs- Beschichtung mit offenen Poren \u2013 ein nat\u00fcrliches Produkt, ungiftig und \u00f6kologisch. Die leichte Beschichtung erm\u00f6glicht einen offenen und klaren Klang. Zargen und Boden aus laminiertem Mahagoni Hals aus Mahagoni gef\u00e4rbten Ahorn Griffbrett und Steg aus Palisanderholz &hellip; <\/p>\n<p class=\"link-more\"><a href=\"https:\/\/www.kantareguitars.com\/index.php\/de\/vivace-c-2\/\" class=\"more-link\">Continue reading<span class=\"screen-reader-text\"> &#8220;Vivace C&#8221;<\/span><\/a><\/p>\n","protected":false},"author":3,"featured_media":0,"parent":0,"menu_order":0,"comment_status":"closed","ping_status":"closed","template":"","meta":[],"_links":{"self":[{"href":"https:\/\/www.kantareguitars.com\/index.php\/wp-json\/wp\/v2\/pages\/1024"}],"collection":[{"href":"https:\/\/www.kantareguitars.com\/index.php\/wp-json\/wp\/v2\/pages"}],"about":[{"href":"https:\/\/www.kantareguitars.com\/index.php\/wp-json\/wp\/v2\/types\/page"}],"author":[{"embeddable":true,"href":"https:\/\/www.kantareguitars.com\/index.php\/wp-json\/wp\/v2\/users\/3"}],"replies":[{"embeddable":true,"href":"https:\/\/www.kantareguitars.com\/index.php\/wp-json\/wp\/v2\/comments?post=1024"}],"version-history":[{"count":19,"href":"https:\/\/www.kantareguitars.com\/index.php\/wp-json\/wp\/v2\/pages\/1024\/revisions"}],"predecessor-version":[{"id":1749,"href":"https:\/\/www.kantareguitars.com\/index.php\/wp-json\/wp\/v2\/pages\/1024\/revisions\/1749"}],"wp:attachment":[{"href":"https:\/\/www.kantareguitars.com\/index.php\/wp-json\/wp\/v2\/media?parent=1024"}],"curies":[{"name":"wp","href":"https:\/\/api.w.org\/{rel}","templated":true}]}}