{"id":1027,"date":"2020-11-20T13:30:14","date_gmt":"2020-11-20T11:30:14","guid":{"rendered":"http:\/\/dev.kantareguitars.com\/?page_id=1027"},"modified":"2020-11-27T15:24:37","modified_gmt":"2020-11-27T13:24:37","slug":"vivace-s-2","status":"publish","type":"page","link":"https:\/\/www.kantareguitars.com\/index.php\/de\/vivace-s-2\/","title":{"rendered":"Vivace S"},"content":{"rendered":"\t\t<div data-elementor-type=\"wp-page\" data-elementor-id=\"1027\" class=\"elementor elementor-1027\">\n\t\t\t\t\t\t<section class=\"elementor-section elementor-top-section elementor-element elementor-element-366c420 elementor-section-boxed elementor-section-height-default elementor-section-height-default\" data-id=\"366c420\" data-element_type=\"section\">\n\t\t\t\t\t\t<div class=\"elementor-container elementor-column-gap-default\">\n\t\t\t\t\t<div class=\"elementor-column elementor-col-100 elementor-top-column elementor-element elementor-element-54ea91a\" data-id=\"54ea91a\" data-element_type=\"column\">\n\t\t\t<div class=\"elementor-widget-wrap elementor-element-populated\">\n\t\t\t\t\t\t<section class=\"elementor-section elementor-inner-section elementor-element elementor-element-6257f20 elementor-section-boxed elementor-section-height-default elementor-section-height-default\" data-id=\"6257f20\" data-element_type=\"section\">\n\t\t\t\t\t\t<div class=\"elementor-container elementor-column-gap-default\">\n\t\t\t\t\t<div class=\"elementor-column elementor-col-50 elementor-inner-column elementor-element elementor-element-ecdfc1b\" data-id=\"ecdfc1b\" data-element_type=\"column\">\n\t\t\t<div class=\"elementor-widget-wrap elementor-element-populated\">\n\t\t\t\t\t\t<div class=\"elementor-element elementor-element-6af417c elementor-widget elementor-widget-bdt-image-magnifier\" data-id=\"6af417c\" data-element_type=\"widget\" data-widget_type=\"bdt-image-magnifier.default\">\n\t\t\t\t<div class=\"elementor-widget-container\">\n\t\t\t            <div data-settings=\"{&quot;type&quot;:&quot;standard&quot;,&quot;bigImageSrc&quot;:&quot;https:\\\/\\\/www.kantareguitars.com\\\/wp-content\\\/uploads\\\/2020\\\/11\\\/vivace_s_1300.jpg&quot;,&quot;smoothMove&quot;:true,&quot;preload&quot;:true,&quot;position&quot;:&quot;left&quot;,&quot;zoomSize&quot;:[400,450],&quot;offset&quot;:[10,0]}\" class=\"bdt-image-magnifier bdt-position-relative\">\n                <img decoding=\"async\" class=\"bdt-image-magnifier-image\" src=\"https:\/\/www.kantareguitars.com\/wp-content\/uploads\/2020\/11\/vivace_s_328_.jpg\" alt=\"\">\n            <\/div>\n            \t\t<\/div>\n\t\t\t\t<\/div>\n\t\t\t\t\t<\/div>\n\t\t<\/div>\n\t\t\t\t<div class=\"elementor-column elementor-col-50 elementor-inner-column elementor-element elementor-element-07e4d10\" data-id=\"07e4d10\" data-element_type=\"column\">\n\t\t\t<div class=\"elementor-widget-wrap elementor-element-populated\">\n\t\t\t\t\t\t<div class=\"elementor-element elementor-element-b9929da elementor-widget elementor-widget-bdt-image-magnifier\" data-id=\"b9929da\" data-element_type=\"widget\" data-widget_type=\"bdt-image-magnifier.default\">\n\t\t\t\t<div class=\"elementor-widget-container\">\n\t\t\t            <div data-settings=\"{&quot;type&quot;:&quot;standard&quot;,&quot;bigImageSrc&quot;:&quot;https:\\\/\\\/www.kantareguitars.com\\\/wp-content\\\/uploads\\\/2020\\\/11\\\/Kantare-Vivace-S-back1_1300.jpg&quot;,&quot;smoothMove&quot;:true,&quot;preload&quot;:true,&quot;position&quot;:&quot;left&quot;,&quot;zoomSize&quot;:[400,450],&quot;offset&quot;:[10,0]}\" class=\"bdt-image-magnifier bdt-position-relative\">\n                <img decoding=\"async\" class=\"bdt-image-magnifier-image\" src=\"https:\/\/www.kantareguitars.com\/wp-content\/uploads\/2020\/03\/Kantare-Vivace-S-back-m.png\" alt=\"\">\n            <\/div>\n            \t\t<\/div>\n\t\t\t\t<\/div>\n\t\t\t\t\t<\/div>\n\t\t<\/div>\n\t\t\t\t\t<\/div>\n\t\t<\/section>\n\t\t\t\t\t<\/div>\n\t\t<\/div>\n\t\t\t\t\t<\/div>\n\t\t<\/section>\n\t\t\t\t<section class=\"elementor-section elementor-top-section elementor-element elementor-element-3a205c1 elementor-section-boxed elementor-section-height-default elementor-section-height-default\" data-id=\"3a205c1\" data-element_type=\"section\">\n\t\t\t\t\t\t<div class=\"elementor-container elementor-column-gap-default\">\n\t\t\t\t\t<div class=\"elementor-column elementor-col-100 elementor-top-column elementor-element elementor-element-24b8972\" data-id=\"24b8972\" data-element_type=\"column\">\n\t\t\t<div class=\"elementor-widget-wrap elementor-element-populated\">\n\t\t\t\t\t\t<div class=\"elementor-element elementor-element-084bc22 elementor-widget elementor-widget-text-editor\" data-id=\"084bc22\" data-element_type=\"widget\" data-widget_type=\"text-editor.default\">\n\t\t\t\t<div class=\"elementor-widget-container\">\n\t\t\t\t\t\t\t<p><!-- \/wp:gallery --><!-- wp:list --><\/p>\n<div id=\"wsite-com-product-short-description\">\n<div class=\"paragraph\">\n<p>Massivholzdecke aus Fichte mit patentiertem<strong>\u00a0LRS\u00ae Resonanzboden<\/strong>, erreicht einen sehr ausgeglichenen, ansprechenden und lang anhaltenden Klang.<\/p>\n<p>Play Naturally: Satinoberfl\u00e4che, Schellack\/Karnaubawachs-Beschichtung mit offenen Poren \u2013 ein nat\u00fcrliches Produkt, ungiftig und \u00f6kologisch. Die leichte Beschichtung erm\u00f6glicht einen offenen und klaren Klang.<\/p>\n<ul>\n<li>Zargen und Boden aus laminiertem Mahagoni<\/li>\n<li>Hals aus Mahagoni gef\u00e4rbten Ahorn<\/li>\n<li>Griffbrett und Steg aus Palisanderholz<\/li>\n<li>eleganter\u00a0schwarz-\/goldfarbiger Stimm-Mechanismus<\/li>\n<\/ul>\n<p>Bequeme Armlehne aus Holz:<\/p>\n<ul>\n<li>offener, freier Klang \u2013 Die Schwingungen des Resonanzbodens<em>\u00a0<\/em>werden vom Arm nicht blockiert<\/li>\n<li>angenehm f\u00fcr den Arm durch die abgerundete Kante<\/li>\n<li>gegen Schmutz und Abnutzung des Resonanzbodens<\/li>\n<li>elegant und stilvoll<\/li>\n<\/ul>\n<\/div>\n<\/div>\n<form id=\"wsite-com-product-options\">\n<div class=\"wsite-com-product-option-groups\">\u00a0<\/div>\n<\/form><form id=\"wsite-com-product-modifiers\">\n<div class=\"wsite-com-product-option-groups\">\u00a0<\/div>\n<\/form>\n<div id=\"wsite-com-product-inventory\">\n<div id=\"wsite-com-product-quantity\">\u00a0<\/div>\n<\/div>\t\t\t\t\t\t<\/div>\n\t\t\t\t<\/div>\n\t\t\t\t\t<\/div>\n\t\t<\/div>\n\t\t\t\t\t<\/div>\n\t\t<\/section>\n\t\t\t\t<section class=\"elementor-section elementor-top-section elementor-element elementor-element-d963ea1 elementor-section-boxed elementor-section-height-default elementor-section-height-default\" data-id=\"d963ea1\" data-element_type=\"section\">\n\t\t\t\t\t\t<div class=\"elementor-container elementor-column-gap-default\">\n\t\t\t\t\t<div class=\"elementor-column elementor-col-100 elementor-top-column elementor-element elementor-element-29b0725\" data-id=\"29b0725\" data-element_type=\"column\">\n\t\t\t<div class=\"elementor-widget-wrap elementor-element-populated\">\n\t\t\t\t\t\t<div class=\"elementor-element elementor-element-bec6fe9 elementor-widget elementor-widget-image\" data-id=\"bec6fe9\" data-element_type=\"widget\" data-widget_type=\"image.default\">\n\t\t\t\t<div class=\"elementor-widget-container\">\n\t\t\t\t\t\t\t\t\t\t\t\t\t<img fetchpriority=\"high\" decoding=\"async\" width=\"293\" height=\"221\" src=\"https:\/\/www.kantareguitars.com\/wp-content\/uploads\/2020\/11\/eco_iso5.jpg\" class=\"attachment-large size-large wp-image-485\" alt=\"\" sizes=\"100vw\" \/>\t\t\t\t\t\t\t\t\t\t\t\t\t<\/div>\n\t\t\t\t<\/div>\n\t\t\t\t\t<\/div>\n\t\t<\/div>\n\t\t\t\t\t<\/div>\n\t\t<\/section>\n\t\t\t\t<section class=\"elementor-section elementor-top-section elementor-element elementor-element-a6c9305 elementor-section-boxed elementor-section-height-default elementor-section-height-default\" data-id=\"a6c9305\" data-element_type=\"section\">\n\t\t\t\t\t\t<div class=\"elementor-container elementor-column-gap-default\">\n\t\t\t\t\t<div class=\"elementor-column elementor-col-100 elementor-top-column elementor-element elementor-element-d50b988\" data-id=\"d50b988\" data-element_type=\"column\">\n\t\t\t<div class=\"elementor-widget-wrap elementor-element-populated\">\n\t\t\t\t\t\t<div class=\"elementor-element elementor-element-d7881ab elementor-widget elementor-widget-text-editor\" data-id=\"d7881ab\" data-element_type=\"widget\" data-widget_type=\"text-editor.default\">\n\t\t\t\t<div class=\"elementor-widget-container\">\n\t\t\t\t\t\t\t<p><strong>Fotogallerie<\/strong><\/p>\t\t\t\t\t\t<\/div>\n\t\t\t\t<\/div>\n\t\t\t\t<div class=\"elementor-element elementor-element-73d9bd6 elementor-widget elementor-widget-justified-gallery\" data-id=\"73d9bd6\" data-element_type=\"widget\" data-widget_type=\"justified-gallery.default\">\n\t\t\t\t<div class=\"elementor-widget-container\">\n\t\t\t\t\t\t<div id=\"jg-73d9bd6\" class=\"hide-gallery elementor-justified-gallery\" data-row-height=\"120\" data-margins=\"1\" data-last-row=\"nojustify\" data-randomize=\"false\" data-selector=\"a\">\n\t\t\t\t\t\t\t\t\t\n\t\t\t\t\t\t\t\t\t\t\t<a href=\"https:\/\/www.kantareguitars.com\/wp-content\/uploads\/2020\/11\/KANTARE-VIVACE-S_1-2-scaled.jpg\" class=\"elementor-clickable\" data-elementor-open-lightbox=\"default\" data-elementor-lightbox-slideshow=\"73d9bd6\">\n\t\t\t\t\t\n\t\t\t\t\t<img decoding=\"async\" src=\"https:\/\/www.kantareguitars.com\/wp-content\/uploads\/2020\/11\/KANTARE-VIVACE-S_1-2-150x150.jpg\" alt=\"Vivace S\">\n\n\t\t\t\t\t\t\t\t\t\t\t<\/a>\n\t\t\t\t\t\t\t\t\t\t\t\t\t\t\n\t\t\t\t\t\t\t\t\t\t\t<a href=\"https:\/\/www.kantareguitars.com\/wp-content\/uploads\/2020\/11\/vivace_s_1300.jpg\" class=\"elementor-clickable\" data-elementor-open-lightbox=\"default\" data-elementor-lightbox-slideshow=\"73d9bd6\">\n\t\t\t\t\t\n\t\t\t\t\t<img decoding=\"async\" src=\"https:\/\/www.kantareguitars.com\/wp-content\/uploads\/2020\/11\/vivace_s_1300-150x150.jpg\" alt=\"\">\n\n\t\t\t\t\t\t\t\t\t\t\t<\/a>\n\t\t\t\t\t\t\t\t\t\t\t\t\t\t\n\t\t\t\t\t\t\t\t\t\t\t<a href=\"https:\/\/www.kantareguitars.com\/wp-content\/uploads\/2020\/11\/Kantare-Vivace-S-back1_1300.jpg\" class=\"elementor-clickable\" data-elementor-open-lightbox=\"default\" data-elementor-lightbox-slideshow=\"73d9bd6\">\n\t\t\t\t\t\n\t\t\t\t\t<img decoding=\"async\" src=\"https:\/\/www.kantareguitars.com\/wp-content\/uploads\/2020\/11\/Kantare-Vivace-S-back1_1300-150x150.jpg\" alt=\"\">\n\n\t\t\t\t\t\t\t\t\t\t\t<\/a>\n\t\t\t\t\t\t\t\t\t\t\t\t\t\t\n\t\t\t\t\t\t\t\t\t\t\t<a href=\"https:\/\/www.kantareguitars.com\/wp-content\/uploads\/2020\/11\/vivace_s_8_2020-scaled.jpg\" class=\"elementor-clickable\" data-elementor-open-lightbox=\"default\" data-elementor-lightbox-slideshow=\"73d9bd6\">\n\t\t\t\t\t\n\t\t\t\t\t<img decoding=\"async\" src=\"https:\/\/www.kantareguitars.com\/wp-content\/uploads\/2020\/11\/vivace_s_8_2020-150x150.jpg\" alt=\"\">\n\n\t\t\t\t\t\t\t\t\t\t\t<\/a>\n\t\t\t\t\t\t\t\t\t\t\t\t\t\t\n\t\t\t\t\t\t\t\t\t\t\t<a href=\"https:\/\/www.kantareguitars.com\/wp-content\/uploads\/2020\/11\/vivace_s_7_2020-scaled.jpg\" class=\"elementor-clickable\" data-elementor-open-lightbox=\"default\" data-elementor-lightbox-slideshow=\"73d9bd6\">\n\t\t\t\t\t\n\t\t\t\t\t<img decoding=\"async\" src=\"https:\/\/www.kantareguitars.com\/wp-content\/uploads\/2020\/11\/vivace_s_7_2020-150x150.jpg\" alt=\"\">\n\n\t\t\t\t\t\t\t\t\t\t\t<\/a>\n\t\t\t\t\t\t\t\t\t\t\t\t\t\t\n\t\t\t\t\t\t\t\t\t\t\t<a href=\"https:\/\/www.kantareguitars.com\/wp-content\/uploads\/2020\/11\/vivace_s_2020-scaled.jpg\" class=\"elementor-clickable\" data-elementor-open-lightbox=\"default\" data-elementor-lightbox-slideshow=\"73d9bd6\">\n\t\t\t\t\t\n\t\t\t\t\t<img decoding=\"async\" src=\"https:\/\/www.kantareguitars.com\/wp-content\/uploads\/2020\/11\/vivace_s_2020-150x150.jpg\" alt=\"\">\n\n\t\t\t\t\t\t\t\t\t\t\t<\/a>\n\t\t\t\t\t\t\t\t\t\t\t\t\t\t\n\t\t\t\t\t\t\t\t\t\t\t<a href=\"https:\/\/www.kantareguitars.com\/wp-content\/uploads\/2020\/11\/vivace_s_2_2020-scaled.jpg\" class=\"elementor-clickable\" data-elementor-open-lightbox=\"default\" data-elementor-lightbox-slideshow=\"73d9bd6\">\n\t\t\t\t\t\n\t\t\t\t\t<img decoding=\"async\" src=\"https:\/\/www.kantareguitars.com\/wp-content\/uploads\/2020\/11\/vivace_s_2_2020-150x150.jpg\" alt=\"\">\n\n\t\t\t\t\t\t\t\t\t\t\t<\/a>\n\t\t\t\t\t\t\t\t\t\t\t\t\t\t\n\t\t\t\t\t\t\t\t\t\t\t<a href=\"https:\/\/www.kantareguitars.com\/wp-content\/uploads\/2020\/11\/vivace_s_1_2020-scaled.jpg\" class=\"elementor-clickable\" data-elementor-open-lightbox=\"default\" data-elementor-lightbox-slideshow=\"73d9bd6\">\n\t\t\t\t\t\n\t\t\t\t\t<img decoding=\"async\" src=\"https:\/\/www.kantareguitars.com\/wp-content\/uploads\/2020\/11\/vivace_s_1_2020-150x150.jpg\" alt=\"\">\n\n\t\t\t\t\t\t\t\t\t\t\t<\/a>\n\t\t\t\t\t\t\t\t\t\t\t\t<\/div>\n\t\t\t<script>\n\t\t\t\tjQuery(document).ready(function(){\n\t\t\t\t\tjQuery(document).trigger('elementor\/render\/justified-gallery','#jg-73d9bd6');\n\t\t\t\t});\n\t\t\t<\/script>\n\t\t\t\t\t<\/div>\n\t\t\t\t<\/div>\n\t\t\t\t\t<\/div>\n\t\t<\/div>\n\t\t\t\t\t<\/div>\n\t\t<\/section>\n\t\t\t\t<\/div>\n\t\t","protected":false},"excerpt":{"rendered":"<p>Massivholzdecke aus Fichte mit patentiertem\u00a0LRS\u00ae Resonanzboden, erreicht einen sehr ausgeglichenen, ansprechenden und lang anhaltenden Klang. Play Naturally: Satinoberfl\u00e4che, Schellack\/Karnaubawachs-Beschichtung mit offenen Poren \u2013 ein nat\u00fcrliches Produkt, ungiftig und \u00f6kologisch. Die leichte Beschichtung erm\u00f6glicht einen offenen und klaren Klang. Zargen und Boden aus laminiertem Mahagoni Hals aus Mahagoni gef\u00e4rbten Ahorn Griffbrett und Steg aus Palisanderholz eleganter\u00a0schwarz-\/goldfarbiger &hellip; <\/p>\n<p class=\"link-more\"><a href=\"https:\/\/www.kantareguitars.com\/index.php\/de\/vivace-s-2\/\" class=\"more-link\">Continue reading<span class=\"screen-reader-text\"> &#8220;Vivace S&#8221;<\/span><\/a><\/p>\n","protected":false},"author":3,"featured_media":0,"parent":0,"menu_order":0,"comment_status":"closed","ping_status":"closed","template":"","meta":[],"_links":{"self":[{"href":"https:\/\/www.kantareguitars.com\/index.php\/wp-json\/wp\/v2\/pages\/1027"}],"collection":[{"href":"https:\/\/www.kantareguitars.com\/index.php\/wp-json\/wp\/v2\/pages"}],"about":[{"href":"https:\/\/www.kantareguitars.com\/index.php\/wp-json\/wp\/v2\/types\/page"}],"author":[{"embeddable":true,"href":"https:\/\/www.kantareguitars.com\/index.php\/wp-json\/wp\/v2\/users\/3"}],"replies":[{"embeddable":true,"href":"https:\/\/www.kantareguitars.com\/index.php\/wp-json\/wp\/v2\/comments?post=1027"}],"version-history":[{"count":40,"href":"https:\/\/www.kantareguitars.com\/index.php\/wp-json\/wp\/v2\/pages\/1027\/revisions"}],"predecessor-version":[{"id":1752,"href":"https:\/\/www.kantareguitars.com\/index.php\/wp-json\/wp\/v2\/pages\/1027\/revisions\/1752"}],"wp:attachment":[{"href":"https:\/\/www.kantareguitars.com\/index.php\/wp-json\/wp\/v2\/media?parent=1027"}],"curies":[{"name":"wp","href":"https:\/\/api.w.org\/{rel}","templated":true}]}}