{"id":1044,"date":"2020-11-20T13:34:35","date_gmt":"2020-11-20T11:34:35","guid":{"rendered":"http:\/\/dev.kantareguitars.com\/?page_id=1044"},"modified":"2020-11-27T15:27:03","modified_gmt":"2020-11-27T13:27:03","slug":"dolce-c-2","status":"publish","type":"page","link":"https:\/\/www.kantareguitars.com\/index.php\/de\/dolce-c-2\/","title":{"rendered":"Dolce C"},"content":{"rendered":"\t\t<div data-elementor-type=\"wp-page\" data-elementor-id=\"1044\" class=\"elementor elementor-1044\">\n\t\t\t\t\t\t<section class=\"elementor-section elementor-top-section elementor-element elementor-element-22ca525 elementor-section-boxed elementor-section-height-default elementor-section-height-default\" data-id=\"22ca525\" data-element_type=\"section\">\n\t\t\t\t\t\t<div class=\"elementor-container elementor-column-gap-default\">\n\t\t\t\t\t<div class=\"elementor-column elementor-col-100 elementor-top-column elementor-element elementor-element-afcd472\" data-id=\"afcd472\" data-element_type=\"column\">\n\t\t\t<div class=\"elementor-widget-wrap elementor-element-populated\">\n\t\t\t\t\t\t<section class=\"elementor-section elementor-inner-section elementor-element elementor-element-515eabb elementor-section-boxed elementor-section-height-default elementor-section-height-default\" data-id=\"515eabb\" data-element_type=\"section\">\n\t\t\t\t\t\t<div class=\"elementor-container elementor-column-gap-default\">\n\t\t\t\t\t<div class=\"elementor-column elementor-col-50 elementor-inner-column elementor-element elementor-element-3fc62f8\" data-id=\"3fc62f8\" data-element_type=\"column\">\n\t\t\t<div class=\"elementor-widget-wrap elementor-element-populated\">\n\t\t\t\t\t\t<div class=\"elementor-element elementor-element-0b01acc elementor-widget elementor-widget-bdt-image-magnifier\" data-id=\"0b01acc\" data-element_type=\"widget\" data-widget_type=\"bdt-image-magnifier.default\">\n\t\t\t\t<div class=\"elementor-widget-container\">\n\t\t\t            <div data-settings=\"{&quot;type&quot;:&quot;standard&quot;,&quot;bigImageSrc&quot;:&quot;https:\\\/\\\/www.kantareguitars.com\\\/wp-content\\\/uploads\\\/2020\\\/11\\\/Kantare-Dolce-C-front-scaled.jpg&quot;,&quot;smoothMove&quot;:true,&quot;preload&quot;:true,&quot;position&quot;:&quot;left&quot;,&quot;zoomSize&quot;:[400,450],&quot;offset&quot;:[10,0]}\" class=\"bdt-image-magnifier bdt-position-relative\">\n                <img decoding=\"async\" class=\"bdt-image-magnifier-image\" src=\"https:\/\/www.kantareguitars.com\/wp-content\/uploads\/2020\/03\/Kantare_Dolce_C_atw.png\" alt=\"\">\n            <\/div>\n            \t\t<\/div>\n\t\t\t\t<\/div>\n\t\t\t\t\t<\/div>\n\t\t<\/div>\n\t\t\t\t<div class=\"elementor-column elementor-col-50 elementor-inner-column elementor-element elementor-element-8705856\" data-id=\"8705856\" data-element_type=\"column\">\n\t\t\t<div class=\"elementor-widget-wrap elementor-element-populated\">\n\t\t\t\t\t\t<div class=\"elementor-element elementor-element-0b01ff0 elementor-widget elementor-widget-bdt-image-magnifier\" data-id=\"0b01ff0\" data-element_type=\"widget\" data-widget_type=\"bdt-image-magnifier.default\">\n\t\t\t\t<div class=\"elementor-widget-container\">\n\t\t\t            <div data-settings=\"{&quot;type&quot;:&quot;standard&quot;,&quot;bigImageSrc&quot;:&quot;https:\\\/\\\/www.kantareguitars.com\\\/wp-content\\\/uploads\\\/2020\\\/11\\\/Kantare-Dolce-C-or-S-back-scaled.jpg&quot;,&quot;smoothMove&quot;:true,&quot;preload&quot;:true,&quot;position&quot;:&quot;left&quot;,&quot;zoomSize&quot;:[400,450],&quot;offset&quot;:[10,0]}\" class=\"bdt-image-magnifier bdt-position-relative\">\n                <img decoding=\"async\" class=\"bdt-image-magnifier-image\" src=\"https:\/\/www.kantareguitars.com\/wp-content\/uploads\/2020\/03\/Kantare-Dolce-C-back-m.png\" alt=\"\">\n            <\/div>\n            \t\t<\/div>\n\t\t\t\t<\/div>\n\t\t\t\t\t<\/div>\n\t\t<\/div>\n\t\t\t\t\t<\/div>\n\t\t<\/section>\n\t\t\t\t<div class=\"elementor-element elementor-element-054b551 elementor-widget elementor-widget-text-editor\" data-id=\"054b551\" data-element_type=\"widget\" data-widget_type=\"text-editor.default\">\n\t\t\t\t<div class=\"elementor-widget-container\">\n\t\t\t\t\t\t\t<p>Massivholzdecke aus Zeder mit patentiertem\u00a0<strong>LRS\u00ae Resonanzboden<\/strong>, erreicht einen sehr ausgeglichenen, ansprechenden und lang anhaltenden Klang.<\/p><p>Play Naturally: Satinoberfl\u00e4che, Schellack\/Karnaubawachs-Beschichtung mit offenen Poren \u2013 ein nat\u00fcrliches Produkt, ungiftig und \u00f6kologisch. Die leichte Beschichtung erm\u00f6glicht einen offenen und klaren Klang.<\/p><ul><li>Zargen und Boden aus laminiertem Mahagoni<\/li><li>Mahogany colored maple neck<\/li><li>Hals aus Mahagoni gef\u00e4rbten Ahorn<\/li><li>Griffbrett und Steg aus Palisanderholz<\/li><li>eleganter\u00a0schwarz-\/goldfarbiger Stimm-Mechanismus<\/li><\/ul><p>Bequeme Armlehne aus Holz:<\/p><ul><li>offener, freier Klang \u2013 Die Schwingungen des Resonanzbodens<em>\u00a0<\/em>werden vom Arm nicht blockiert<\/li><li>angenehm f\u00fcr den Arm durch die abgerundete Kante<\/li><li>gegen Schmutz und Abnutzung des Resonanzbodens<\/li><li>elegant und stilvoll<\/li><\/ul>\t\t\t\t\t\t<\/div>\n\t\t\t\t<\/div>\n\t\t\t\t\t<\/div>\n\t\t<\/div>\n\t\t\t\t\t<\/div>\n\t\t<\/section>\n\t\t\t\t<section class=\"elementor-section elementor-top-section elementor-element elementor-element-2a772e0 elementor-section-boxed elementor-section-height-default elementor-section-height-default\" data-id=\"2a772e0\" data-element_type=\"section\">\n\t\t\t\t\t\t<div class=\"elementor-container elementor-column-gap-default\">\n\t\t\t\t\t<div class=\"elementor-column elementor-col-100 elementor-top-column elementor-element elementor-element-8d546d1\" data-id=\"8d546d1\" data-element_type=\"column\">\n\t\t\t<div class=\"elementor-widget-wrap elementor-element-populated\">\n\t\t\t\t\t\t<div class=\"elementor-element elementor-element-b6b35a2 elementor-widget elementor-widget-image\" data-id=\"b6b35a2\" data-element_type=\"widget\" data-widget_type=\"image.default\">\n\t\t\t\t<div class=\"elementor-widget-container\">\n\t\t\t\t\t\t\t\t\t\t\t\t\t<img fetchpriority=\"high\" decoding=\"async\" width=\"293\" height=\"221\" src=\"https:\/\/www.kantareguitars.com\/wp-content\/uploads\/2020\/11\/eco_iso5.jpg\" class=\"attachment-large size-large wp-image-485\" alt=\"\" sizes=\"100vw\" \/>\t\t\t\t\t\t\t\t\t\t\t\t\t<\/div>\n\t\t\t\t<\/div>\n\t\t\t\t\t<\/div>\n\t\t<\/div>\n\t\t\t\t\t<\/div>\n\t\t<\/section>\n\t\t\t\t<section class=\"elementor-section elementor-top-section elementor-element elementor-element-17ba62a elementor-section-boxed elementor-section-height-default elementor-section-height-default\" data-id=\"17ba62a\" data-element_type=\"section\">\n\t\t\t\t\t\t<div class=\"elementor-container elementor-column-gap-default\">\n\t\t\t\t\t<div class=\"elementor-column elementor-col-100 elementor-top-column elementor-element elementor-element-47cce14\" data-id=\"47cce14\" data-element_type=\"column\">\n\t\t\t<div class=\"elementor-widget-wrap elementor-element-populated\">\n\t\t\t\t\t\t<div class=\"elementor-element elementor-element-4183ae2 elementor-widget elementor-widget-text-editor\" data-id=\"4183ae2\" data-element_type=\"widget\" data-widget_type=\"text-editor.default\">\n\t\t\t\t<div class=\"elementor-widget-container\">\n\t\t\t\t\t\t\t<p><strong>Fotogallerie<\/strong><\/p>\t\t\t\t\t\t<\/div>\n\t\t\t\t<\/div>\n\t\t\t\t\t<\/div>\n\t\t<\/div>\n\t\t\t\t\t<\/div>\n\t\t<\/section>\n\t\t\t\t<section class=\"elementor-section elementor-top-section elementor-element elementor-element-0f3d407 elementor-section-boxed elementor-section-height-default elementor-section-height-default\" data-id=\"0f3d407\" data-element_type=\"section\">\n\t\t\t\t\t\t<div class=\"elementor-container elementor-column-gap-default\">\n\t\t\t\t\t<div class=\"elementor-column elementor-col-100 elementor-top-column elementor-element elementor-element-6f04962\" data-id=\"6f04962\" data-element_type=\"column\">\n\t\t\t<div class=\"elementor-widget-wrap elementor-element-populated\">\n\t\t\t\t\t\t<div class=\"elementor-element elementor-element-cc39fd5 elementor-widget elementor-widget-justified-gallery\" data-id=\"cc39fd5\" data-element_type=\"widget\" data-widget_type=\"justified-gallery.default\">\n\t\t\t\t<div class=\"elementor-widget-container\">\n\t\t\t\t\t\t<div id=\"jg-cc39fd5\" class=\"hide-gallery elementor-justified-gallery\" data-row-height=\"120\" data-margins=\"1\" data-last-row=\"nojustify\" data-randomize=\"false\" data-selector=\"a\">\n\t\t\t\t\t\t\t\t\t\n\t\t\t\t\t\t\t\t\t\t\t<a href=\"https:\/\/www.kantareguitars.com\/wp-content\/uploads\/2020\/11\/kantare_contactfoto.png\" class=\"elementor-clickable\" data-elementor-open-lightbox=\"default\" data-elementor-lightbox-slideshow=\"cc39fd5\">\n\t\t\t\t\t\n\t\t\t\t\t<img decoding=\"async\" src=\"https:\/\/www.kantareguitars.com\/wp-content\/uploads\/2020\/11\/kantare_contactfoto-150x150.png\" alt=\"\">\n\n\t\t\t\t\t\t\t\t\t\t\t<\/a>\n\t\t\t\t\t\t\t\t\t\t\t\t\t\t\n\t\t\t\t\t\t\t\t\t\t\t<a href=\"https:\/\/www.kantareguitars.com\/wp-content\/uploads\/2020\/03\/Kantare_Dolce_C_atw.png\" class=\"elementor-clickable\" data-elementor-open-lightbox=\"default\" data-elementor-lightbox-slideshow=\"cc39fd5\">\n\t\t\t\t\t\n\t\t\t\t\t<img decoding=\"async\" src=\"https:\/\/www.kantareguitars.com\/wp-content\/uploads\/2020\/03\/Kantare_Dolce_C_atw-150x150.png\" alt=\"Kantare Dolce C frontside\">\n\n\t\t\t\t\t\t\t\t\t\t\t<\/a>\n\t\t\t\t\t\t\t\t\t\t\t\t\t\t\n\t\t\t\t\t\t\t\t\t\t\t<a href=\"https:\/\/www.kantareguitars.com\/wp-content\/uploads\/2020\/03\/Kantare-Dolce-C-back-m.png\" class=\"elementor-clickable\" data-elementor-open-lightbox=\"default\" data-elementor-lightbox-slideshow=\"cc39fd5\">\n\t\t\t\t\t\n\t\t\t\t\t<img decoding=\"async\" src=\"https:\/\/www.kantareguitars.com\/wp-content\/uploads\/2020\/03\/Kantare-Dolce-C-back-m-150x150.png\" alt=\"\">\n\n\t\t\t\t\t\t\t\t\t\t\t<\/a>\n\t\t\t\t\t\t\t\t\t\t\t\t\t\t\n\t\t\t\t\t\t\t\t\t\t\t<a href=\"https:\/\/www.kantareguitars.com\/wp-content\/uploads\/2020\/11\/dolce_c_2_2020-scaled.jpg\" class=\"elementor-clickable\" data-elementor-open-lightbox=\"default\" data-elementor-lightbox-slideshow=\"cc39fd5\">\n\t\t\t\t\t\n\t\t\t\t\t<img decoding=\"async\" src=\"https:\/\/www.kantareguitars.com\/wp-content\/uploads\/2020\/11\/dolce_c_2_2020-150x150.jpg\" alt=\"\">\n\n\t\t\t\t\t\t\t\t\t\t\t<\/a>\n\t\t\t\t\t\t\t\t\t\t\t\t\t\t\n\t\t\t\t\t\t\t\t\t\t\t<a href=\"https:\/\/www.kantareguitars.com\/wp-content\/uploads\/2020\/11\/dolce_c_1_2020-scaled.jpg\" class=\"elementor-clickable\" data-elementor-open-lightbox=\"default\" data-elementor-lightbox-slideshow=\"cc39fd5\">\n\t\t\t\t\t\n\t\t\t\t\t<img decoding=\"async\" src=\"https:\/\/www.kantareguitars.com\/wp-content\/uploads\/2020\/11\/dolce_c_1_2020-150x150.jpg\" alt=\"\">\n\n\t\t\t\t\t\t\t\t\t\t\t<\/a>\n\t\t\t\t\t\t\t\t\t\t\t\t\t\t\n\t\t\t\t\t\t\t\t\t\t\t<a href=\"https:\/\/www.kantareguitars.com\/wp-content\/uploads\/2020\/11\/dolce_c_3_2020-scaled.jpg\" class=\"elementor-clickable\" data-elementor-open-lightbox=\"default\" data-elementor-lightbox-slideshow=\"cc39fd5\">\n\t\t\t\t\t\n\t\t\t\t\t<img decoding=\"async\" src=\"https:\/\/www.kantareguitars.com\/wp-content\/uploads\/2020\/11\/dolce_c_3_2020-150x150.jpg\" alt=\"\">\n\n\t\t\t\t\t\t\t\t\t\t\t<\/a>\n\t\t\t\t\t\t\t\t\t\t\t\t\t\t\n\t\t\t\t\t\t\t\t\t\t\t<a href=\"https:\/\/www.kantareguitars.com\/wp-content\/uploads\/2020\/11\/dolce_c_4_2020-scaled.jpg\" class=\"elementor-clickable\" data-elementor-open-lightbox=\"default\" data-elementor-lightbox-slideshow=\"cc39fd5\">\n\t\t\t\t\t\n\t\t\t\t\t<img decoding=\"async\" src=\"https:\/\/www.kantareguitars.com\/wp-content\/uploads\/2020\/11\/dolce_c_4_2020-150x150.jpg\" alt=\"\">\n\n\t\t\t\t\t\t\t\t\t\t\t<\/a>\n\t\t\t\t\t\t\t\t\t\t\t\t\t\t\n\t\t\t\t\t\t\t\t\t\t\t<a href=\"https:\/\/www.kantareguitars.com\/wp-content\/uploads\/2020\/11\/dolce_c_5_2020-scaled.jpg\" class=\"elementor-clickable\" data-elementor-open-lightbox=\"default\" data-elementor-lightbox-slideshow=\"cc39fd5\">\n\t\t\t\t\t\n\t\t\t\t\t<img decoding=\"async\" src=\"https:\/\/www.kantareguitars.com\/wp-content\/uploads\/2020\/11\/dolce_c_5_2020-150x150.jpg\" alt=\"\">\n\n\t\t\t\t\t\t\t\t\t\t\t<\/a>\n\t\t\t\t\t\t\t\t\t\t\t\t<\/div>\n\t\t\t<script>\n\t\t\t\tjQuery(document).ready(function(){\n\t\t\t\t\tjQuery(document).trigger('elementor\/render\/justified-gallery','#jg-cc39fd5');\n\t\t\t\t});\n\t\t\t<\/script>\n\t\t\t\t\t<\/div>\n\t\t\t\t<\/div>\n\t\t\t\t\t<\/div>\n\t\t<\/div>\n\t\t\t\t\t<\/div>\n\t\t<\/section>\n\t\t\t\t<\/div>\n\t\t","protected":false},"excerpt":{"rendered":"<p>Massivholzdecke aus Zeder mit patentiertem\u00a0LRS\u00ae Resonanzboden, erreicht einen sehr ausgeglichenen, ansprechenden und lang anhaltenden Klang. Play Naturally: Satinoberfl\u00e4che, Schellack\/Karnaubawachs-Beschichtung mit offenen Poren \u2013 ein nat\u00fcrliches Produkt, ungiftig und \u00f6kologisch. Die leichte Beschichtung erm\u00f6glicht einen offenen und klaren Klang. Zargen und Boden aus laminiertem Mahagoni Mahogany colored maple neck Hals aus Mahagoni gef\u00e4rbten Ahorn Griffbrett und &hellip; <\/p>\n<p class=\"link-more\"><a href=\"https:\/\/www.kantareguitars.com\/index.php\/de\/dolce-c-2\/\" class=\"more-link\">Continue reading<span class=\"screen-reader-text\"> &#8220;Dolce C&#8221;<\/span><\/a><\/p>\n","protected":false},"author":3,"featured_media":0,"parent":0,"menu_order":0,"comment_status":"closed","ping_status":"closed","template":"","meta":[],"_links":{"self":[{"href":"https:\/\/www.kantareguitars.com\/index.php\/wp-json\/wp\/v2\/pages\/1044"}],"collection":[{"href":"https:\/\/www.kantareguitars.com\/index.php\/wp-json\/wp\/v2\/pages"}],"about":[{"href":"https:\/\/www.kantareguitars.com\/index.php\/wp-json\/wp\/v2\/types\/page"}],"author":[{"embeddable":true,"href":"https:\/\/www.kantareguitars.com\/index.php\/wp-json\/wp\/v2\/users\/3"}],"replies":[{"embeddable":true,"href":"https:\/\/www.kantareguitars.com\/index.php\/wp-json\/wp\/v2\/comments?post=1044"}],"version-history":[{"count":16,"href":"https:\/\/www.kantareguitars.com\/index.php\/wp-json\/wp\/v2\/pages\/1044\/revisions"}],"predecessor-version":[{"id":1758,"href":"https:\/\/www.kantareguitars.com\/index.php\/wp-json\/wp\/v2\/pages\/1044\/revisions\/1758"}],"wp:attachment":[{"href":"https:\/\/www.kantareguitars.com\/index.php\/wp-json\/wp\/v2\/media?parent=1044"}],"curies":[{"name":"wp","href":"https:\/\/api.w.org\/{rel}","templated":true}]}}