{"id":1066,"date":"2020-11-20T13:41:19","date_gmt":"2020-11-20T11:41:19","guid":{"rendered":"http:\/\/dev.kantareguitars.com\/?page_id=1066"},"modified":"2020-11-27T16:39:26","modified_gmt":"2020-11-27T14:39:26","slug":"poco-s-53cm-1-2-size","status":"publish","type":"page","link":"https:\/\/www.kantareguitars.com\/index.php\/de\/poco-s-53cm-1-2-size\/","title":{"rendered":"Poco S-53cm (1\/2 Gr\u00f6\u00dfe)"},"content":{"rendered":"\t\t<div data-elementor-type=\"wp-page\" data-elementor-id=\"1066\" class=\"elementor elementor-1066\">\n\t\t\t\t\t\t<section class=\"elementor-section elementor-top-section elementor-element elementor-element-48e7891 elementor-section-boxed elementor-section-height-default elementor-section-height-default\" data-id=\"48e7891\" data-element_type=\"section\">\n\t\t\t\t\t\t<div class=\"elementor-container elementor-column-gap-default\">\n\t\t\t\t\t<div class=\"elementor-column elementor-col-100 elementor-top-column elementor-element elementor-element-2a9af4e\" data-id=\"2a9af4e\" data-element_type=\"column\">\n\t\t\t<div class=\"elementor-widget-wrap elementor-element-populated\">\n\t\t\t\t\t\t<section class=\"elementor-section elementor-inner-section elementor-element elementor-element-1918c8f elementor-section-boxed elementor-section-height-default elementor-section-height-default\" data-id=\"1918c8f\" data-element_type=\"section\">\n\t\t\t\t\t\t<div class=\"elementor-container elementor-column-gap-default\">\n\t\t\t\t\t<div class=\"elementor-column elementor-col-50 elementor-inner-column elementor-element elementor-element-1c367a5\" data-id=\"1c367a5\" data-element_type=\"column\">\n\t\t\t<div class=\"elementor-widget-wrap elementor-element-populated\">\n\t\t\t\t\t\t<div class=\"elementor-element elementor-element-58b2aab elementor-widget elementor-widget-bdt-image-magnifier\" data-id=\"58b2aab\" data-element_type=\"widget\" data-widget_type=\"bdt-image-magnifier.default\">\n\t\t\t\t<div class=\"elementor-widget-container\">\n\t\t\t            <div data-settings=\"{&quot;type&quot;:&quot;standard&quot;,&quot;bigImageSrc&quot;:&quot;https:\\\/\\\/www.kantareguitars.com\\\/wp-content\\\/uploads\\\/2020\\\/11\\\/Kantare-Poco-S53-front-scaled.jpg&quot;,&quot;smoothMove&quot;:true,&quot;preload&quot;:true,&quot;position&quot;:&quot;left&quot;,&quot;zoomSize&quot;:[400,450],&quot;offset&quot;:[10,0]}\" class=\"bdt-image-magnifier bdt-position-relative\">\n                <img decoding=\"async\" class=\"bdt-image-magnifier-image\" src=\"https:\/\/www.kantareguitars.com\/wp-content\/uploads\/2020\/11\/Kantare-Poco-S53-front.png\" alt=\"\">\n            <\/div>\n            \t\t<\/div>\n\t\t\t\t<\/div>\n\t\t\t\t\t<\/div>\n\t\t<\/div>\n\t\t\t\t<div class=\"elementor-column elementor-col-50 elementor-inner-column elementor-element elementor-element-33698ee\" data-id=\"33698ee\" data-element_type=\"column\">\n\t\t\t<div class=\"elementor-widget-wrap elementor-element-populated\">\n\t\t\t\t\t\t<div class=\"elementor-element elementor-element-8778ebd elementor-widget elementor-widget-bdt-image-magnifier\" data-id=\"8778ebd\" data-element_type=\"widget\" data-widget_type=\"bdt-image-magnifier.default\">\n\t\t\t\t<div class=\"elementor-widget-container\">\n\t\t\t            <div data-settings=\"{&quot;type&quot;:&quot;standard&quot;,&quot;bigImageSrc&quot;:&quot;https:\\\/\\\/www.kantareguitars.com\\\/wp-content\\\/uploads\\\/2020\\\/11\\\/Kantare-Poco-S53-back-scaled.jpg&quot;,&quot;smoothMove&quot;:true,&quot;preload&quot;:true,&quot;position&quot;:&quot;left&quot;,&quot;zoomSize&quot;:[400,450],&quot;offset&quot;:[10,0]}\" class=\"bdt-image-magnifier bdt-position-relative\">\n                <img decoding=\"async\" class=\"bdt-image-magnifier-image\" src=\"https:\/\/www.kantareguitars.com\/wp-content\/uploads\/2020\/03\/Poco-S53-back.png\" alt=\"\">\n            <\/div>\n            \t\t<\/div>\n\t\t\t\t<\/div>\n\t\t\t\t\t<\/div>\n\t\t<\/div>\n\t\t\t\t\t<\/div>\n\t\t<\/section>\n\t\t\t\t<div class=\"elementor-element elementor-element-646823a elementor-widget elementor-widget-text-editor\" data-id=\"646823a\" data-element_type=\"widget\" data-widget_type=\"text-editor.default\">\n\t\t\t\t<div class=\"elementor-widget-container\">\n\t\t\t\t\t\t\t<p><!-- wp:paragraph --><\/p>\n<p>Massivholzdecke aus Karpatenfichte mit patentiertem\u00a0<strong>LRS\u00ae Resonanzboden<\/strong>, erreicht einen sehr ausgeglichenen, ansprechenden und lang anhaltenden Klang.<\/p>\n<p>Play Naturally: Satinoberfl\u00e4che, Schellack\/Karnaubawachs-Beschichtung mit offenen Poren \u2013 ein nat\u00fcrliches Produkt, ungiftig und \u00f6kologisch. Die leichte Beschichtung erm\u00f6glicht einen offenen und klaren Klang.<\/p>\n<ul>\n<li style=\"list-style-type: none;\">\n<ul>\n<li>Zargen und Boden aus laminiertem Mahagoni<\/li>\n<li>Hals aus Mahagoni gef\u00e4rbten Ahorn<\/li>\n<li>Griffbrett und Steg aus Palisanderholz<\/li>\n<li>eleganter\u00a0wei\u00df-\/goldfarbiger Stimm-Mechanismus<\/li>\n<\/ul>\n<\/li>\n<\/ul>\n<p><!-- \/wp:list --><\/p>\n<p><!-- wp:paragraph --><\/p>\n<p><!-- \/wp:paragraph --><\/p>\n<p><!-- wp:list --><\/p>\n<p><!-- \/wp:list --><\/p>\n<p><!-- wp:paragraph --><\/p>\n<p><!-- \/wp:paragraph --><\/p>\n<p><!-- wp:paragraph --><\/p>\n<p><!-- \/wp:paragraph --><\/p>\n<p><!-- wp:paragraph --><\/p>\n<p><!-- \/wp:gallery --><\/p>\t\t\t\t\t\t<\/div>\n\t\t\t\t<\/div>\n\t\t\t\t<div class=\"elementor-element elementor-element-5aeca17 elementor-widget elementor-widget-image\" data-id=\"5aeca17\" data-element_type=\"widget\" data-widget_type=\"image.default\">\n\t\t\t\t<div class=\"elementor-widget-container\">\n\t\t\t\t\t\t\t\t\t\t\t\t\t<img fetchpriority=\"high\" decoding=\"async\" width=\"293\" height=\"221\" src=\"https:\/\/www.kantareguitars.com\/wp-content\/uploads\/2020\/11\/eco_iso4.jpg\" class=\"attachment-large size-large wp-image-389\" alt=\"\" sizes=\"100vw\" \/>\t\t\t\t\t\t\t\t\t\t\t\t\t<\/div>\n\t\t\t\t<\/div>\n\t\t\t\t\t<\/div>\n\t\t<\/div>\n\t\t\t\t\t<\/div>\n\t\t<\/section>\n\t\t\t\t<section class=\"elementor-section elementor-top-section elementor-element elementor-element-9b7bef8 elementor-section-boxed elementor-section-height-default elementor-section-height-default\" data-id=\"9b7bef8\" data-element_type=\"section\">\n\t\t\t\t\t\t<div class=\"elementor-container elementor-column-gap-default\">\n\t\t\t\t\t<div class=\"elementor-column elementor-col-100 elementor-top-column elementor-element elementor-element-5291e19\" data-id=\"5291e19\" data-element_type=\"column\">\n\t\t\t<div class=\"elementor-widget-wrap elementor-element-populated\">\n\t\t\t\t\t\t<div class=\"elementor-element elementor-element-ea25d95 elementor-widget elementor-widget-text-editor\" data-id=\"ea25d95\" data-element_type=\"widget\" data-widget_type=\"text-editor.default\">\n\t\t\t\t<div class=\"elementor-widget-container\">\n\t\t\t\t\t\t\t<p><strong>Fotogallerie<\/strong><\/p>\t\t\t\t\t\t<\/div>\n\t\t\t\t<\/div>\n\t\t\t\t\t<\/div>\n\t\t<\/div>\n\t\t\t\t\t<\/div>\n\t\t<\/section>\n\t\t\t\t<section class=\"elementor-section elementor-top-section elementor-element elementor-element-a000797 elementor-section-boxed elementor-section-height-default elementor-section-height-default\" data-id=\"a000797\" data-element_type=\"section\">\n\t\t\t\t\t\t<div class=\"elementor-container elementor-column-gap-default\">\n\t\t\t\t\t<div class=\"elementor-column elementor-col-100 elementor-top-column elementor-element elementor-element-0370147\" data-id=\"0370147\" data-element_type=\"column\">\n\t\t\t<div class=\"elementor-widget-wrap elementor-element-populated\">\n\t\t\t\t\t\t<div class=\"elementor-element elementor-element-0fa65f5 elementor-widget elementor-widget-justified-gallery\" data-id=\"0fa65f5\" data-element_type=\"widget\" data-widget_type=\"justified-gallery.default\">\n\t\t\t\t<div class=\"elementor-widget-container\">\n\t\t\t\t\t\t<div id=\"jg-0fa65f5\" class=\"hide-gallery elementor-justified-gallery\" data-row-height=\"120\" data-margins=\"1\" data-last-row=\"nojustify\" data-randomize=\"false\" data-selector=\"a\">\n\t\t\t\t\t\t\t\t\t\n\t\t\t\t\t\t\t\t\t\t\t<a href=\"https:\/\/www.kantareguitars.com\/wp-content\/uploads\/2020\/11\/KANTARE-POCO-S53_-1-scaled.jpg\" class=\"elementor-clickable\" data-elementor-open-lightbox=\"default\" data-elementor-lightbox-slideshow=\"0fa65f5\">\n\t\t\t\t\t\n\t\t\t\t\t<img decoding=\"async\" src=\"https:\/\/www.kantareguitars.com\/wp-content\/uploads\/2020\/11\/KANTARE-POCO-S53_-1-150x150.jpg\" alt=\"\">\n\n\t\t\t\t\t\t\t\t\t\t\t<\/a>\n\t\t\t\t\t\t\t\t\t\t\t\t\t\t\n\t\t\t\t\t\t\t\t\t\t\t<a href=\"https:\/\/www.kantareguitars.com\/wp-content\/uploads\/2020\/11\/Kantare-Poco-S53-front.png\" class=\"elementor-clickable\" data-elementor-open-lightbox=\"default\" data-elementor-lightbox-slideshow=\"0fa65f5\">\n\t\t\t\t\t\n\t\t\t\t\t<img decoding=\"async\" src=\"https:\/\/www.kantareguitars.com\/wp-content\/uploads\/2020\/11\/Kantare-Poco-S53-front-150x150.png\" alt=\"\">\n\n\t\t\t\t\t\t\t\t\t\t\t<\/a>\n\t\t\t\t\t\t\t\t\t\t\t\t\t\t\n\t\t\t\t\t\t\t\t\t\t\t<a href=\"https:\/\/www.kantareguitars.com\/wp-content\/uploads\/2020\/11\/Kantare-Poco-S53-back.png\" class=\"elementor-clickable\" data-elementor-open-lightbox=\"default\" data-elementor-lightbox-slideshow=\"0fa65f5\">\n\t\t\t\t\t\n\t\t\t\t\t<img decoding=\"async\" src=\"https:\/\/www.kantareguitars.com\/wp-content\/uploads\/2020\/11\/Kantare-Poco-S53-back-150x150.png\" alt=\"\">\n\n\t\t\t\t\t\t\t\t\t\t\t<\/a>\n\t\t\t\t\t\t\t\t\t\t\t\t\t\t\n\t\t\t\t\t\t\t\t\t\t\t<a href=\"https:\/\/www.kantareguitars.com\/wp-content\/uploads\/2020\/11\/poco_53_1_2020-scaled.jpg\" class=\"elementor-clickable\" data-elementor-open-lightbox=\"default\" data-elementor-lightbox-slideshow=\"0fa65f5\">\n\t\t\t\t\t\n\t\t\t\t\t<img decoding=\"async\" src=\"https:\/\/www.kantareguitars.com\/wp-content\/uploads\/2020\/11\/poco_53_1_2020-150x150.jpg\" alt=\"\">\n\n\t\t\t\t\t\t\t\t\t\t\t<\/a>\n\t\t\t\t\t\t\t\t\t\t\t\t\t\t\n\t\t\t\t\t\t\t\t\t\t\t<a href=\"https:\/\/www.kantareguitars.com\/wp-content\/uploads\/2020\/11\/poco_53_2_2020-scaled.jpg\" class=\"elementor-clickable\" data-elementor-open-lightbox=\"default\" data-elementor-lightbox-slideshow=\"0fa65f5\">\n\t\t\t\t\t\n\t\t\t\t\t<img decoding=\"async\" src=\"https:\/\/www.kantareguitars.com\/wp-content\/uploads\/2020\/11\/poco_53_2_2020-150x150.jpg\" alt=\"\">\n\n\t\t\t\t\t\t\t\t\t\t\t<\/a>\n\t\t\t\t\t\t\t\t\t\t\t\t\t\t\n\t\t\t\t\t\t\t\t\t\t\t<a href=\"https:\/\/www.kantareguitars.com\/wp-content\/uploads\/2020\/11\/poco_53_4_2020-scaled.jpg\" class=\"elementor-clickable\" data-elementor-open-lightbox=\"default\" data-elementor-lightbox-slideshow=\"0fa65f5\">\n\t\t\t\t\t\n\t\t\t\t\t<img decoding=\"async\" src=\"https:\/\/www.kantareguitars.com\/wp-content\/uploads\/2020\/11\/poco_53_4_2020-150x150.jpg\" alt=\"\">\n\n\t\t\t\t\t\t\t\t\t\t\t<\/a>\n\t\t\t\t\t\t\t\t\t\t\t\t\t\t\n\t\t\t\t\t\t\t\t\t\t\t<a href=\"https:\/\/www.kantareguitars.com\/wp-content\/uploads\/2020\/11\/poco_53_5_2020-scaled.jpg\" class=\"elementor-clickable\" data-elementor-open-lightbox=\"default\" data-elementor-lightbox-slideshow=\"0fa65f5\">\n\t\t\t\t\t\n\t\t\t\t\t<img decoding=\"async\" src=\"https:\/\/www.kantareguitars.com\/wp-content\/uploads\/2020\/11\/poco_53_5_2020-150x150.jpg\" alt=\"\">\n\n\t\t\t\t\t\t\t\t\t\t\t<\/a>\n\t\t\t\t\t\t\t\t\t\t\t\t\t\t\n\t\t\t\t\t\t\t\t\t\t\t<a href=\"https:\/\/www.kantareguitars.com\/wp-content\/uploads\/2020\/11\/poco_53_7_2020-scaled.jpg\" class=\"elementor-clickable\" data-elementor-open-lightbox=\"default\" data-elementor-lightbox-slideshow=\"0fa65f5\">\n\t\t\t\t\t\n\t\t\t\t\t<img decoding=\"async\" src=\"https:\/\/www.kantareguitars.com\/wp-content\/uploads\/2020\/11\/poco_53_7_2020-150x150.jpg\" alt=\"\">\n\n\t\t\t\t\t\t\t\t\t\t\t<\/a>\n\t\t\t\t\t\t\t\t\t\t\t\t<\/div>\n\t\t\t<script>\n\t\t\t\tjQuery(document).ready(function(){\n\t\t\t\t\tjQuery(document).trigger('elementor\/render\/justified-gallery','#jg-0fa65f5');\n\t\t\t\t});\n\t\t\t<\/script>\n\t\t\t\t\t<\/div>\n\t\t\t\t<\/div>\n\t\t\t\t\t<\/div>\n\t\t<\/div>\n\t\t\t\t\t<\/div>\n\t\t<\/section>\n\t\t\t\t<\/div>\n\t\t","protected":false},"excerpt":{"rendered":"<p>Massivholzdecke aus Karpatenfichte mit patentiertem\u00a0LRS\u00ae Resonanzboden, erreicht einen sehr ausgeglichenen, ansprechenden und lang anhaltenden Klang. Play Naturally: Satinoberfl\u00e4che, Schellack\/Karnaubawachs-Beschichtung mit offenen Poren \u2013 ein nat\u00fcrliches Produkt, ungiftig und \u00f6kologisch. Die leichte Beschichtung erm\u00f6glicht einen offenen und klaren Klang. Zargen und Boden aus laminiertem Mahagoni Hals aus Mahagoni gef\u00e4rbten Ahorn Griffbrett und Steg aus Palisanderholz eleganter\u00a0wei\u00df-\/goldfarbiger &hellip; <\/p>\n<p class=\"link-more\"><a href=\"https:\/\/www.kantareguitars.com\/index.php\/de\/poco-s-53cm-1-2-size\/\" class=\"more-link\">Continue reading<span class=\"screen-reader-text\"> &#8220;Poco S-53cm (1\/2 Gr\u00f6\u00dfe)&#8221;<\/span><\/a><\/p>\n","protected":false},"author":3,"featured_media":0,"parent":0,"menu_order":0,"comment_status":"closed","ping_status":"closed","template":"","meta":[],"_links":{"self":[{"href":"https:\/\/www.kantareguitars.com\/index.php\/wp-json\/wp\/v2\/pages\/1066"}],"collection":[{"href":"https:\/\/www.kantareguitars.com\/index.php\/wp-json\/wp\/v2\/pages"}],"about":[{"href":"https:\/\/www.kantareguitars.com\/index.php\/wp-json\/wp\/v2\/types\/page"}],"author":[{"embeddable":true,"href":"https:\/\/www.kantareguitars.com\/index.php\/wp-json\/wp\/v2\/users\/3"}],"replies":[{"embeddable":true,"href":"https:\/\/www.kantareguitars.com\/index.php\/wp-json\/wp\/v2\/comments?post=1066"}],"version-history":[{"count":20,"href":"https:\/\/www.kantareguitars.com\/index.php\/wp-json\/wp\/v2\/pages\/1066\/revisions"}],"predecessor-version":[{"id":1782,"href":"https:\/\/www.kantareguitars.com\/index.php\/wp-json\/wp\/v2\/pages\/1066\/revisions\/1782"}],"wp:attachment":[{"href":"https:\/\/www.kantareguitars.com\/index.php\/wp-json\/wp\/v2\/media?parent=1066"}],"curies":[{"name":"wp","href":"https:\/\/api.w.org\/{rel}","templated":true}]}}