{"id":1069,"date":"2020-11-20T13:41:55","date_gmt":"2020-11-20T11:41:55","guid":{"rendered":"http:\/\/dev.kantareguitars.com\/?page_id=1069"},"modified":"2020-11-27T16:38:01","modified_gmt":"2020-11-27T14:38:01","slug":"poco-s-57cm-3-4-size","status":"publish","type":"page","link":"https:\/\/www.kantareguitars.com\/index.php\/de\/poco-s-57cm-3-4-size\/","title":{"rendered":"Poco S-57cm (3\/4 Gr\u00f6\u00dfe)"},"content":{"rendered":"\t\t<div data-elementor-type=\"wp-page\" data-elementor-id=\"1069\" class=\"elementor elementor-1069\">\n\t\t\t\t\t\t<section class=\"elementor-section elementor-top-section elementor-element elementor-element-d99564b elementor-section-boxed elementor-section-height-default elementor-section-height-default\" data-id=\"d99564b\" data-element_type=\"section\">\n\t\t\t\t\t\t<div class=\"elementor-container elementor-column-gap-default\">\n\t\t\t\t\t<div class=\"elementor-column elementor-col-100 elementor-top-column elementor-element elementor-element-9c992bd\" data-id=\"9c992bd\" data-element_type=\"column\">\n\t\t\t<div class=\"elementor-widget-wrap elementor-element-populated\">\n\t\t\t\t\t\t<section class=\"elementor-section elementor-inner-section elementor-element elementor-element-c0de3b0 elementor-section-boxed elementor-section-height-default elementor-section-height-default\" data-id=\"c0de3b0\" data-element_type=\"section\">\n\t\t\t\t\t\t<div class=\"elementor-container elementor-column-gap-default\">\n\t\t\t\t\t<div class=\"elementor-column elementor-col-50 elementor-inner-column elementor-element elementor-element-0e5736a\" data-id=\"0e5736a\" data-element_type=\"column\">\n\t\t\t<div class=\"elementor-widget-wrap elementor-element-populated\">\n\t\t\t\t\t\t<div class=\"elementor-element elementor-element-90d868b elementor-widget elementor-widget-bdt-image-magnifier\" data-id=\"90d868b\" data-element_type=\"widget\" data-widget_type=\"bdt-image-magnifier.default\">\n\t\t\t\t<div class=\"elementor-widget-container\">\n\t\t\t            <div data-settings=\"{&quot;type&quot;:&quot;inner&quot;,&quot;bigImageSrc&quot;:&quot;https:\\\/\\\/www.kantareguitars.com\\\/wp-content\\\/uploads\\\/2020\\\/11\\\/Kantare-Poco-S57-front-scaled.jpg&quot;,&quot;smoothMove&quot;:true,&quot;preload&quot;:true,&quot;zoomSize&quot;:[480,300],&quot;offset&quot;:[0,0]}\" class=\"bdt-image-magnifier bdt-position-relative\">\n                <img decoding=\"async\" class=\"bdt-image-magnifier-image\" src=\"https:\/\/www.kantareguitars.com\/wp-content\/uploads\/2020\/03\/Poco-S57-front.png\" alt=\"\">\n            <\/div>\n            \t\t<\/div>\n\t\t\t\t<\/div>\n\t\t\t\t\t<\/div>\n\t\t<\/div>\n\t\t\t\t<div class=\"elementor-column elementor-col-50 elementor-inner-column elementor-element elementor-element-d059889\" data-id=\"d059889\" data-element_type=\"column\">\n\t\t\t<div class=\"elementor-widget-wrap elementor-element-populated\">\n\t\t\t\t\t\t<div class=\"elementor-element elementor-element-85c3bf8 elementor-widget elementor-widget-bdt-image-magnifier\" data-id=\"85c3bf8\" data-element_type=\"widget\" data-widget_type=\"bdt-image-magnifier.default\">\n\t\t\t\t<div class=\"elementor-widget-container\">\n\t\t\t            <div data-settings=\"{&quot;type&quot;:&quot;inner&quot;,&quot;bigImageSrc&quot;:&quot;https:\\\/\\\/www.kantareguitars.com\\\/wp-content\\\/uploads\\\/2020\\\/11\\\/Kantare-Poco-S57-back-scaled.jpg&quot;,&quot;smoothMove&quot;:true,&quot;preload&quot;:true,&quot;zoomSize&quot;:[480,300],&quot;offset&quot;:[0,0]}\" class=\"bdt-image-magnifier bdt-position-relative\">\n                <img decoding=\"async\" class=\"bdt-image-magnifier-image\" src=\"https:\/\/www.kantareguitars.com\/wp-content\/uploads\/2020\/03\/Poco-S57-back.png\" alt=\"\">\n            <\/div>\n            \t\t<\/div>\n\t\t\t\t<\/div>\n\t\t\t\t\t<\/div>\n\t\t<\/div>\n\t\t\t\t\t<\/div>\n\t\t<\/section>\n\t\t\t\t<div class=\"elementor-element elementor-element-269472e elementor-widget elementor-widget-text-editor\" data-id=\"269472e\" data-element_type=\"widget\" data-widget_type=\"text-editor.default\">\n\t\t\t\t<div class=\"elementor-widget-container\">\n\t\t\t\t\t\t\t<p>Massivholzdecke aus Karpatenfichte mit patentiertem\u00a0<strong>LRS\u00ae Resonanzboden<\/strong>, erreicht einen sehr ausgeglichenen, ansprechenden und lang anhaltenden Klang.<\/p><p>Play Naturally: Satinoberfl\u00e4che, Schellack\/Karnaubawachs-Beschichtung mit offenen Poren \u2013 ein nat\u00fcrliches Produkt, ungiftig und \u00f6kologisch. Die leichte Beschichtung erm\u00f6glicht einen offenen und klaren Klang.<\/p><ul><li style=\"list-style-type: none;\"><ul><li>Zargen und Boden aus laminiertem Mahagoni<\/li><li>Hals aus Mahagoni gef\u00e4rbten Ahorn<\/li><li>Griffbrett und Steg aus Palisanderholz<\/li><li>eleganter\u00a0wei\u00df-\/goldfarbiger Stimm-Mechanismus<\/li><\/ul><\/li><\/ul>\t\t\t\t\t\t<\/div>\n\t\t\t\t<\/div>\n\t\t\t\t<div class=\"elementor-element elementor-element-553ff1e elementor-widget elementor-widget-image\" data-id=\"553ff1e\" data-element_type=\"widget\" data-widget_type=\"image.default\">\n\t\t\t\t<div class=\"elementor-widget-container\">\n\t\t\t\t\t\t\t\t\t\t\t\t\t<img fetchpriority=\"high\" decoding=\"async\" width=\"293\" height=\"221\" src=\"https:\/\/www.kantareguitars.com\/wp-content\/uploads\/2020\/11\/eco_iso4.jpg\" class=\"attachment-large size-large wp-image-389\" alt=\"\" sizes=\"100vw\" \/>\t\t\t\t\t\t\t\t\t\t\t\t\t<\/div>\n\t\t\t\t<\/div>\n\t\t\t\t\t<\/div>\n\t\t<\/div>\n\t\t\t\t\t<\/div>\n\t\t<\/section>\n\t\t\t\t<section class=\"elementor-section elementor-top-section elementor-element elementor-element-8759af1 elementor-section-boxed elementor-section-height-default elementor-section-height-default\" data-id=\"8759af1\" data-element_type=\"section\">\n\t\t\t\t\t\t<div class=\"elementor-container elementor-column-gap-default\">\n\t\t\t\t\t<div class=\"elementor-column elementor-col-100 elementor-top-column elementor-element elementor-element-224795f\" data-id=\"224795f\" data-element_type=\"column\">\n\t\t\t<div class=\"elementor-widget-wrap elementor-element-populated\">\n\t\t\t\t\t\t<div class=\"elementor-element elementor-element-99be0fe elementor-widget elementor-widget-text-editor\" data-id=\"99be0fe\" data-element_type=\"widget\" data-widget_type=\"text-editor.default\">\n\t\t\t\t<div class=\"elementor-widget-container\">\n\t\t\t\t\t\t\t<p><strong>Fotogallerie<\/strong><\/p>\t\t\t\t\t\t<\/div>\n\t\t\t\t<\/div>\n\t\t\t\t\t<\/div>\n\t\t<\/div>\n\t\t\t\t\t<\/div>\n\t\t<\/section>\n\t\t\t\t<section class=\"elementor-section elementor-top-section elementor-element elementor-element-702350f elementor-section-boxed elementor-section-height-default elementor-section-height-default\" data-id=\"702350f\" data-element_type=\"section\">\n\t\t\t\t\t\t<div class=\"elementor-container elementor-column-gap-default\">\n\t\t\t\t\t<div class=\"elementor-column elementor-col-100 elementor-top-column elementor-element elementor-element-36273e4\" data-id=\"36273e4\" data-element_type=\"column\">\n\t\t\t<div class=\"elementor-widget-wrap elementor-element-populated\">\n\t\t\t\t\t\t<div class=\"elementor-element elementor-element-e0e7794 elementor-widget elementor-widget-justified-gallery\" data-id=\"e0e7794\" data-element_type=\"widget\" data-widget_type=\"justified-gallery.default\">\n\t\t\t\t<div class=\"elementor-widget-container\">\n\t\t\t\t\t\t<div id=\"jg-e0e7794\" class=\"hide-gallery elementor-justified-gallery\" data-row-height=\"120\" data-margins=\"1\" data-last-row=\"nojustify\" data-randomize=\"false\" data-selector=\"a\">\n\t\t\t\t\t\t\t\t\t\n\t\t\t\t\t\t\t\t\t\t\t<a href=\"https:\/\/www.kantareguitars.com\/wp-content\/uploads\/2020\/11\/KANTARE-POCO-S57-scaled.jpg\" class=\"elementor-clickable\" data-elementor-open-lightbox=\"default\" data-elementor-lightbox-slideshow=\"e0e7794\">\n\t\t\t\t\t\n\t\t\t\t\t<img decoding=\"async\" src=\"https:\/\/www.kantareguitars.com\/wp-content\/uploads\/2020\/11\/KANTARE-POCO-S57-150x150.jpg\" alt=\"\">\n\n\t\t\t\t\t\t\t\t\t\t\t<\/a>\n\t\t\t\t\t\t\t\t\t\t\t\t\t\t\n\t\t\t\t\t\t\t\t\t\t\t<a href=\"https:\/\/www.kantareguitars.com\/wp-content\/uploads\/2020\/03\/Poco-S57-front.png\" class=\"elementor-clickable\" data-elementor-open-lightbox=\"default\" data-elementor-lightbox-slideshow=\"e0e7794\">\n\t\t\t\t\t\n\t\t\t\t\t<img decoding=\"async\" src=\"https:\/\/www.kantareguitars.com\/wp-content\/uploads\/2020\/03\/Poco-S57-front-150x150.png\" alt=\"\">\n\n\t\t\t\t\t\t\t\t\t\t\t<\/a>\n\t\t\t\t\t\t\t\t\t\t\t\t\t\t\n\t\t\t\t\t\t\t\t\t\t\t<a href=\"https:\/\/www.kantareguitars.com\/wp-content\/uploads\/2020\/03\/Poco-S57-back.png\" class=\"elementor-clickable\" data-elementor-open-lightbox=\"default\" data-elementor-lightbox-slideshow=\"e0e7794\">\n\t\t\t\t\t\n\t\t\t\t\t<img decoding=\"async\" src=\"https:\/\/www.kantareguitars.com\/wp-content\/uploads\/2020\/03\/Poco-S57-back-150x150.png\" alt=\"\">\n\n\t\t\t\t\t\t\t\t\t\t\t<\/a>\n\t\t\t\t\t\t\t\t\t\t\t\t\t\t\n\t\t\t\t\t\t\t\t\t\t\t<a href=\"https:\/\/www.kantareguitars.com\/wp-content\/uploads\/2020\/11\/poco_57_1-scaled.jpg\" class=\"elementor-clickable\" data-elementor-open-lightbox=\"default\" data-elementor-lightbox-slideshow=\"e0e7794\">\n\t\t\t\t\t\n\t\t\t\t\t<img decoding=\"async\" src=\"https:\/\/www.kantareguitars.com\/wp-content\/uploads\/2020\/11\/poco_57_1-150x150.jpg\" alt=\"\">\n\n\t\t\t\t\t\t\t\t\t\t\t<\/a>\n\t\t\t\t\t\t\t\t\t\t\t\t\t\t\n\t\t\t\t\t\t\t\t\t\t\t<a href=\"https:\/\/www.kantareguitars.com\/wp-content\/uploads\/2020\/11\/poco_57_2-scaled.jpg\" class=\"elementor-clickable\" data-elementor-open-lightbox=\"default\" data-elementor-lightbox-slideshow=\"e0e7794\">\n\t\t\t\t\t\n\t\t\t\t\t<img decoding=\"async\" src=\"https:\/\/www.kantareguitars.com\/wp-content\/uploads\/2020\/11\/poco_57_2-150x150.jpg\" alt=\"\">\n\n\t\t\t\t\t\t\t\t\t\t\t<\/a>\n\t\t\t\t\t\t\t\t\t\t\t\t\t\t\n\t\t\t\t\t\t\t\t\t\t\t<a href=\"https:\/\/www.kantareguitars.com\/wp-content\/uploads\/2020\/11\/kantare_poco_-scaled.jpg\" class=\"elementor-clickable\" data-elementor-open-lightbox=\"default\" data-elementor-lightbox-slideshow=\"e0e7794\">\n\t\t\t\t\t\n\t\t\t\t\t<img decoding=\"async\" src=\"https:\/\/www.kantareguitars.com\/wp-content\/uploads\/2020\/11\/kantare_poco_-150x150.jpg\" alt=\"\">\n\n\t\t\t\t\t\t\t\t\t\t\t<\/a>\n\t\t\t\t\t\t\t\t\t\t\t\t\t\t\n\t\t\t\t\t\t\t\t\t\t\t<a href=\"https:\/\/www.kantareguitars.com\/wp-content\/uploads\/2020\/11\/poco_57_5-scaled.jpg\" class=\"elementor-clickable\" data-elementor-open-lightbox=\"default\" data-elementor-lightbox-slideshow=\"e0e7794\">\n\t\t\t\t\t\n\t\t\t\t\t<img decoding=\"async\" src=\"https:\/\/www.kantareguitars.com\/wp-content\/uploads\/2020\/11\/poco_57_5-150x150.jpg\" alt=\"\">\n\n\t\t\t\t\t\t\t\t\t\t\t<\/a>\n\t\t\t\t\t\t\t\t\t\t\t\t\t\t\n\t\t\t\t\t\t\t\t\t\t\t<a href=\"https:\/\/www.kantareguitars.com\/wp-content\/uploads\/2020\/11\/poco_57_6-scaled.jpg\" class=\"elementor-clickable\" data-elementor-open-lightbox=\"default\" data-elementor-lightbox-slideshow=\"e0e7794\">\n\t\t\t\t\t\n\t\t\t\t\t<img decoding=\"async\" src=\"https:\/\/www.kantareguitars.com\/wp-content\/uploads\/2020\/11\/poco_57_6-150x150.jpg\" alt=\"\">\n\n\t\t\t\t\t\t\t\t\t\t\t<\/a>\n\t\t\t\t\t\t\t\t\t\t\t\t<\/div>\n\t\t\t<script>\n\t\t\t\tjQuery(document).ready(function(){\n\t\t\t\t\tjQuery(document).trigger('elementor\/render\/justified-gallery','#jg-e0e7794');\n\t\t\t\t});\n\t\t\t<\/script>\n\t\t\t\t\t<\/div>\n\t\t\t\t<\/div>\n\t\t\t\t\t<\/div>\n\t\t<\/div>\n\t\t\t\t\t<\/div>\n\t\t<\/section>\n\t\t\t\t<\/div>\n\t\t","protected":false},"excerpt":{"rendered":"<p>Massivholzdecke aus Karpatenfichte mit patentiertem\u00a0LRS\u00ae Resonanzboden, erreicht einen sehr ausgeglichenen, ansprechenden und lang anhaltenden Klang. Play Naturally: Satinoberfl\u00e4che, Schellack\/Karnaubawachs-Beschichtung mit offenen Poren \u2013 ein nat\u00fcrliches Produkt, ungiftig und \u00f6kologisch. Die leichte Beschichtung erm\u00f6glicht einen offenen und klaren Klang. Zargen und Boden aus laminiertem Mahagoni Hals aus Mahagoni gef\u00e4rbten Ahorn Griffbrett und Steg aus Palisanderholz eleganter\u00a0wei\u00df-\/goldfarbiger &hellip; <\/p>\n<p class=\"link-more\"><a href=\"https:\/\/www.kantareguitars.com\/index.php\/de\/poco-s-57cm-3-4-size\/\" class=\"more-link\">Continue reading<span class=\"screen-reader-text\"> &#8220;Poco S-57cm (3\/4 Gr\u00f6\u00dfe)&#8221;<\/span><\/a><\/p>\n","protected":false},"author":3,"featured_media":0,"parent":0,"menu_order":0,"comment_status":"closed","ping_status":"closed","template":"","meta":[],"_links":{"self":[{"href":"https:\/\/www.kantareguitars.com\/index.php\/wp-json\/wp\/v2\/pages\/1069"}],"collection":[{"href":"https:\/\/www.kantareguitars.com\/index.php\/wp-json\/wp\/v2\/pages"}],"about":[{"href":"https:\/\/www.kantareguitars.com\/index.php\/wp-json\/wp\/v2\/types\/page"}],"author":[{"embeddable":true,"href":"https:\/\/www.kantareguitars.com\/index.php\/wp-json\/wp\/v2\/users\/3"}],"replies":[{"embeddable":true,"href":"https:\/\/www.kantareguitars.com\/index.php\/wp-json\/wp\/v2\/comments?post=1069"}],"version-history":[{"count":11,"href":"https:\/\/www.kantareguitars.com\/index.php\/wp-json\/wp\/v2\/pages\/1069\/revisions"}],"predecessor-version":[{"id":1776,"href":"https:\/\/www.kantareguitars.com\/index.php\/wp-json\/wp\/v2\/pages\/1069\/revisions\/1776"}],"wp:attachment":[{"href":"https:\/\/www.kantareguitars.com\/index.php\/wp-json\/wp\/v2\/media?parent=1069"}],"curies":[{"name":"wp","href":"https:\/\/api.w.org\/{rel}","templated":true}]}}