{"id":978,"date":"2020-11-20T10:41:43","date_gmt":"2020-11-20T08:41:43","guid":{"rendered":"http:\/\/dev.kantareguitars.com\/?page_id=978"},"modified":"2022-03-10T11:30:23","modified_gmt":"2022-03-10T09:30:23","slug":"lrs-resonanzboden","status":"publish","type":"page","link":"https:\/\/www.kantareguitars.com\/index.php\/de\/lrs-resonanzboden\/","title":{"rendered":"LRS Resonanzboden"},"content":{"rendered":"\t\t<div data-elementor-type=\"wp-page\" data-elementor-id=\"978\" class=\"elementor elementor-978\">\n\t\t\t\t\t\t<section class=\"elementor-section elementor-top-section elementor-element elementor-element-58caf00 elementor-section-boxed elementor-section-height-default elementor-section-height-default\" data-id=\"58caf00\" data-element_type=\"section\">\n\t\t\t\t\t\t<div class=\"elementor-container elementor-column-gap-default\">\n\t\t\t\t\t<div class=\"elementor-column elementor-col-100 elementor-top-column elementor-element elementor-element-8f61c9e\" data-id=\"8f61c9e\" data-element_type=\"column\">\n\t\t\t<div class=\"elementor-widget-wrap elementor-element-populated\">\n\t\t\t\t\t\t<div class=\"elementor-element elementor-element-921f034 elementor-widget elementor-widget-image\" data-id=\"921f034\" data-element_type=\"widget\" data-widget_type=\"image.default\">\n\t\t\t\t<div class=\"elementor-widget-container\">\n\t\t\t\t\t\t\t\t\t\t\t\t\t<img fetchpriority=\"high\" decoding=\"async\" width=\"271\" height=\"300\" src=\"https:\/\/www.kantareguitars.com\/wp-content\/uploads\/2020\/11\/lrs_1-271x300.jpg\" class=\"attachment-medium size-medium wp-image-562\" alt=\"\" srcset=\"https:\/\/www.kantareguitars.com\/wp-content\/uploads\/2020\/11\/lrs_1-271x300.jpg 271w, https:\/\/www.kantareguitars.com\/wp-content\/uploads\/2020\/11\/lrs_1-926x1024.jpg 926w, https:\/\/www.kantareguitars.com\/wp-content\/uploads\/2020\/11\/lrs_1-768x849.jpg 768w, https:\/\/www.kantareguitars.com\/wp-content\/uploads\/2020\/11\/lrs_1-1389x1536.jpg 1389w, https:\/\/www.kantareguitars.com\/wp-content\/uploads\/2020\/11\/lrs_1.jpg 1650w\" sizes=\"100vw\" \/>\t\t\t\t\t\t\t\t\t\t\t\t\t<\/div>\n\t\t\t\t<\/div>\n\t\t\t\t<div class=\"elementor-element elementor-element-aa93f2f elementor-widget elementor-widget-text-editor\" data-id=\"aa93f2f\" data-element_type=\"widget\" data-widget_type=\"text-editor.default\">\n\t\t\t\t<div class=\"elementor-widget-container\">\n\t\t\t\t\t\t\t<p>LRS Resonanzboden<\/p><p>LRS <span lang=\"de\"><span data-language-for-alternatives=\"de\" data-language-to-translate-into=\"fi\" data-phrase-index=\"0\" data-number-of-phrases=\"1\">Konstruktion<\/span><\/span>, von den Gitarrenbaumeistern Kauko Liikanen und Uwe Florath <span lang=\"de\"><span data-language-for-alternatives=\"de\" data-language-to-translate-into=\"en\" data-phrase-index=\"0\" data-number-of-phrases=\"1\">entwickelt<\/span><\/span>, befindet sich in Kantare\u00ae Gitarre.<\/p><p>Der LRS Resonanzboden ist f\u00fcr Gitarrenspieler jedes Levels vorteilhaft:<\/p><ul><li>gute Ausgeglichenheit zwischen hohen und tiefen T\u00f6nen<\/li><li>langanhaltende Ausklingzeit<\/li><li>klarer und ebener Klang in jedem Ton und Akkord<\/li><li>ausbleiben von sogenannten \u201eWolft\u00f6nen\u201c<\/li><\/ul><p>Hier nochmal von den Erfindern pers\u00f6nlich genauer und mit Fachbegriffen erkl\u00e4rt:<\/p><p>\u201eDer Klang von einer LRS Gitarre ist au\u00dfergew\u00f6hnlich sensibel und reflektierend mit einer besonders langen Ausklingzeit, da die durch die Saiten erzeugte Vibrationsenergie gleichm\u00e4\u00dfig \u00fcber den gesamten Resonanzboden verteilt wird. Die Resonanzwellen einer LRS\u00ae Decke sind ausgeglichener als bei traditionell gebauten Gitarren. Es gibt keine pl\u00f6tzlichen extrem hohen Amplituden-Aufschwingungen, welche zu einem unharmonischen Klang und oft genug auch zu \u201eWolfst\u00f6nen\u201c in den absteigenden Frequenzen f\u00fchren. LRS erlaubt auch eine bessere Balance zwischen der Masse und der Steifheit des Resonanzbodens der Gitarre.\u201c<\/p>\t\t\t\t\t\t<\/div>\n\t\t\t\t<\/div>\n\t\t\t\t\t<\/div>\n\t\t<\/div>\n\t\t\t\t\t<\/div>\n\t\t<\/section>\n\t\t\t\t<section class=\"elementor-section elementor-top-section elementor-element elementor-element-435e5f1 elementor-section-boxed elementor-section-height-default elementor-section-height-default\" data-id=\"435e5f1\" data-element_type=\"section\">\n\t\t\t\t\t\t<div class=\"elementor-container elementor-column-gap-default\">\n\t\t\t\t\t<div class=\"elementor-column elementor-col-100 elementor-top-column elementor-element elementor-element-1cf28f3\" data-id=\"1cf28f3\" data-element_type=\"column\">\n\t\t\t<div class=\"elementor-widget-wrap elementor-element-populated\">\n\t\t\t\t\t\t<div class=\"elementor-element elementor-element-ad42d5e elementor-widget elementor-widget-image\" data-id=\"ad42d5e\" data-element_type=\"widget\" data-widget_type=\"image.default\">\n\t\t\t\t<div class=\"elementor-widget-container\">\n\t\t\t\t\t\t\t\t\t\t\t\t\t<img decoding=\"async\" width=\"300\" height=\"200\" src=\"https:\/\/www.kantareguitars.com\/wp-content\/uploads\/2020\/11\/KANTARE-VIVACE-S62_-300x200.jpg\" class=\"attachment-medium size-medium wp-image-1130\" alt=\"\" srcset=\"https:\/\/www.kantareguitars.com\/wp-content\/uploads\/2020\/11\/KANTARE-VIVACE-S62_-300x200.jpg 300w, https:\/\/www.kantareguitars.com\/wp-content\/uploads\/2020\/11\/KANTARE-VIVACE-S62_-1024x683.jpg 1024w, https:\/\/www.kantareguitars.com\/wp-content\/uploads\/2020\/11\/KANTARE-VIVACE-S62_-768x512.jpg 768w, https:\/\/www.kantareguitars.com\/wp-content\/uploads\/2020\/11\/KANTARE-VIVACE-S62_-1536x1024.jpg 1536w, https:\/\/www.kantareguitars.com\/wp-content\/uploads\/2020\/11\/KANTARE-VIVACE-S62_-2048x1365.jpg 2048w\" sizes=\"100vw\" \/>\t\t\t\t\t\t\t\t\t\t\t\t\t<\/div>\n\t\t\t\t<\/div>\n\t\t\t\t\t<\/div>\n\t\t<\/div>\n\t\t\t\t\t<\/div>\n\t\t<\/section>\n\t\t\t\t<\/div>\n\t\t","protected":false},"excerpt":{"rendered":"<p>LRS Resonanzboden LRS Konstruktion, von den Gitarrenbaumeistern Kauko Liikanen und Uwe Florath entwickelt, befindet sich in Kantare\u00ae Gitarre. Der LRS Resonanzboden ist f\u00fcr Gitarrenspieler jedes Levels vorteilhaft: gute Ausgeglichenheit zwischen hohen und tiefen T\u00f6nen langanhaltende Ausklingzeit klarer und ebener Klang in jedem Ton und Akkord ausbleiben von sogenannten \u201eWolft\u00f6nen\u201c Hier nochmal von den Erfindern pers\u00f6nlich &hellip; <\/p>\n<p class=\"link-more\"><a href=\"https:\/\/www.kantareguitars.com\/index.php\/de\/lrs-resonanzboden\/\" class=\"more-link\">Continue reading<span class=\"screen-reader-text\"> &#8220;LRS Resonanzboden&#8221;<\/span><\/a><\/p>\n","protected":false},"author":3,"featured_media":0,"parent":0,"menu_order":0,"comment_status":"closed","ping_status":"closed","template":"","meta":[],"_links":{"self":[{"href":"https:\/\/www.kantareguitars.com\/index.php\/wp-json\/wp\/v2\/pages\/978"}],"collection":[{"href":"https:\/\/www.kantareguitars.com\/index.php\/wp-json\/wp\/v2\/pages"}],"about":[{"href":"https:\/\/www.kantareguitars.com\/index.php\/wp-json\/wp\/v2\/types\/page"}],"author":[{"embeddable":true,"href":"https:\/\/www.kantareguitars.com\/index.php\/wp-json\/wp\/v2\/users\/3"}],"replies":[{"embeddable":true,"href":"https:\/\/www.kantareguitars.com\/index.php\/wp-json\/wp\/v2\/comments?post=978"}],"version-history":[{"count":32,"href":"https:\/\/www.kantareguitars.com\/index.php\/wp-json\/wp\/v2\/pages\/978\/revisions"}],"predecessor-version":[{"id":2191,"href":"https:\/\/www.kantareguitars.com\/index.php\/wp-json\/wp\/v2\/pages\/978\/revisions\/2191"}],"wp:attachment":[{"href":"https:\/\/www.kantareguitars.com\/index.php\/wp-json\/wp\/v2\/media?parent=978"}],"curies":[{"name":"wp","href":"https:\/\/api.w.org\/{rel}","templated":true}]}}